{"id":101,"date":"2009-03-15T22:41:30","date_gmt":"2009-03-15T21:41:30","guid":{"rendered":"http:\/\/www2.sowi.uni-mannheim.de\/faas\/tfwww\/?page_id=101"},"modified":"2017-10-29T13:10:56","modified_gmt":"2017-10-29T12:10:56","slug":"impressum","status":"publish","type":"page","link":"https:\/\/www.thorstenfaas.de\/?page_id=101","title":{"rendered":"Impressum"},"content":{"rendered":"<p>&nbsp;<br \/>\nProf. Dr. Thorsten Faas<br \/>\nFreie Universit\u00e4t Berlin<br \/>\nOtto-Suhr-Institut f\u00fcr Politikwissenschaft<br \/>\nArbeitsstelle \u201ePolitische Soziologie der Bundesrepublik Deutschland\u201c<br \/>\nIhnestra\u00dfe 21<br \/>\n14195 Berlin<\/p>\n<p>E-Mail: thorsten.faas@gmail.com<\/p>\n<p>Die Inhalte dieser Website werden mit gr\u00f6\u00dftm\u00f6glicher Sorgfalt recherchiert und implementiert. Fehler im Bearbeitungsvorgang sind dennoch nicht auszuschlie\u00dfen. F\u00fcr Hinweise und Korrekturen bin ich daher sehr dankbar.<\/p>\n<p>Eine Haftung f\u00fcr die Richtigkeit, Vollst\u00e4ndigkeit und Aktualit\u00e4t dieser Webseiten kann trotz sorgf\u00e4ltiger Pr\u00fcfung nicht \u00fcbernommen werden. Ich kann daher leider keinerlei<br \/>\nHaftung f\u00fcr eventuelle Sch\u00e4den oder Konsequenzen, die durch die direkte oder indirekte Nutzung der angebotenen Inhalte entstehen, \u00fcbernehmen.<\/p>\n<p>S\u00e4mtliche Beitr\u00e4ge geben ausschlie\u00dflich die Auffassung des jeweiligen Verfassers wieder. Dies gilt insbesondere f\u00fcr mittels der Kommentar-Funktion erstellten Diskussions-Beitr\u00e4ge. Der Betreiber beh\u00e4lt sich die L\u00f6schung einzelner Beitr\u00e4ge und die Sperrung der Kommentar-Funktion vor.<\/p>\n<p>Jeder Zugriff auf das Internetangebot wird in einer Protokolldatei gespeichert. Die Daten in der Protokolldatei sind nicht personenbezogen. Ich kann somit nicht nachvollziehen, auf welche Seiten welche Person zugegriffen, bzw. welche Dateien sie abgerufen hat.<\/p>\n<p>In der Protokolldatei werden folgende Daten gespeichert:<\/p>\n<p>* Name der abgerufenen Datei<br \/>\n* Datum und Uhrzeit des Abrufs<br \/>\n* IP-Adresse<br \/>\n* ggf. Browser- und Betriebsystemsversion<br \/>\n* ggf. die vorhergehende Seite, von der auf das Webangebot verwiesen wurde (Referer)<\/p>\n<p>Eine Weitergabe an Dritte findet nicht statt.<\/p>\n","protected":false},"excerpt":{"rendered":"<p>&nbsp; Prof. Dr. Thorsten Faas Freie Universit\u00e4t Berlin Otto-Suhr-Institut f\u00fcr Politikwissenschaft Arbeitsstelle \u201ePolitische Soziologie der Bundesrepublik Deutschland\u201c Ihnestra\u00dfe 21 14195 Berlin E-Mail: thorsten.faas@gmail.com Die Inhalte dieser Website werden mit gr\u00f6\u00dftm\u00f6glicher Sorgfalt recherchiert und implementiert. Fehler im Bearbeitungsvorgang sind dennoch nicht auszuschlie\u00dfen. F\u00fcr Hinweise und Korrekturen bin ich daher sehr dankbar. Eine Haftung f\u00fcr die Richtigkeit, [&hellip;]<\/p>\n","protected":false},"author":2,"featured_media":0,"parent":0,"menu_order":600,"comment_status":"open","ping_status":"open","template":"","meta":{"footnotes":""},"class_list":["post-101","page","type-page","status-publish","hentry"],"_links":{"self":[{"href":"https:\/\/www.thorstenfaas.de\/index.php?rest_route=\/wp\/v2\/pages\/101","targetHints":{"allow":["GET"]}}],"collection":[{"href":"https:\/\/www.thorstenfaas.de\/index.php?rest_route=\/wp\/v2\/pages"}],"about":[{"href":"https:\/\/www.thorstenfaas.de\/index.php?rest_route=\/wp\/v2\/types\/page"}],"author":[{"embeddable":true,"href":"https:\/\/www.thorstenfaas.de\/index.php?rest_route=\/wp\/v2\/users\/2"}],"replies":[{"embeddable":true,"href":"https:\/\/www.thorstenfaas.de\/index.php?rest_route=%2Fwp%2Fv2%2Fcomments&post=101"}],"version-history":[{"count":0,"href":"https:\/\/www.thorstenfaas.de\/index.php?rest_route=\/wp\/v2\/pages\/101\/revisions"}],"wp:attachment":[{"href":"https:\/\/www.thorstenfaas.de\/index.php?rest_route=%2Fwp%2Fv2%2Fmedia&parent=101"}],"curies":[{"name":"wp","href":"https:\/\/api.w.org\/{rel}","templated":true}]}}