{"id":1195,"date":"2011-03-08T23:20:10","date_gmt":"2011-03-08T22:20:10","guid":{"rendered":"http:\/\/www.thorstenfaas.de\/?page_id=1195"},"modified":"2020-05-13T17:09:42","modified_gmt":"2020-05-13T16:09:42","slug":"2011-2","status":"publish","type":"page","link":"https:\/\/www.thorstenfaas.de\/?page_id=1195","title":{"rendered":"2011"},"content":{"rendered":"<h4 style=\"margin-top: 30px; margin-bottom: 20px;\">Artikel in Fachzeitschriften mit Peer Review<\/h4>\n<ul>\n<li style=\"margin-top: 15px;\">J\u00fcrgen Maier, Thorsten Faas: \u2018Miniature Campaigns\u2019 in Comparison: The German Televised Debates, 2002\u201309, in: <em>German Politics<\/em>, 20, 2011, S. 75\u201391.<\/li>\n<\/ul>\n<h4 style=\"margin-top: 30px; margin-bottom: 20px;\">Artikel in Sammelb\u00e4nden<\/h4>\n<ul>\n<li style=\"margin-top: 15px;\">R\u00fcdiger Schmitt-Beck, Julia Partheym\u00fcller, Thorsten Faas: Einfl\u00fcsse politischer Gespr\u00e4chspartner auf Parteipr\u00e4ferenzen: Zur \u201esozialen Logik\u201c des politischen Verhaltens bei der Bundestagswahl 2009, in: R\u00fcdiger Schmitt-Beck (Hrsg.): <em>W\u00e4hlen in Deutschland (PVS Sonderheft 45)<\/em>, Baden-Baden: Nomos, 2011: S. 465\u2013488.<\/li>\n<li style=\"margin-top: 15px;\">Thorsten Faas, Johannes N. Blumenberg: Freie W\u00e4hler bei Landtagswahlen: Eine Potenzialanalyse am Beispiel der baden-w\u00fcrttembergischen Landtagswahl 2011, in: Martin Morlok, Thomas Poguntke, Jens Walther (Hrsg.): <em>Politik an den Parteien vorbei: Freie W\u00e4hler und Kommunale W\u00e4hlergemeinschaften als Alternative<\/em>, Baden-Baden: Nomos, 2011, S. 181\u2013195.<\/li>\n<li style=\"margin-top: 15px;\">J\u00fcrgen Maier, Thorsten Faas: Das TV-Duell 2009 \u2013 langweilig, wirkungslos, nutzlos? Ergebnisse eines Experiments zur Wirkung der Fernsehdebatte zwischen Angela Merkel und Frank-Walter Steinmeier, in: Heinrich Oberreuter (Hrsg.): <em>Am Ende der Gewissheiten: W\u00e4hler, Parteien und Koalitionen in Bewegung<\/em>, M\u00fcnchen: Olzog, 2011, S. 147\u2013166.<\/li>\n<li style=\"margin-top: 15px;\">Thorsten Faas, Julia Partheym\u00fcller: Aber jetzt?! Politische Internetnutzung in den Bundestagswahlk\u00e4mpfen 2005 und 2009, in: Eva Johanna Schweitzer, Steffen Albrecht (Hrsg.): <em>Das Internet im Wahlkampf: Analysen zur Bundestagswahl 2009<\/em>, Wiesbaden: VS Verlag f\u00fcr Sozialwissenschaften, 2011, S. 119\u2013135.<\/li>\n<li style=\"margin-top: 15px;\">Thorsten Faas, J\u00fcrgen Maier: Medienwahlkampf: Sind TV-Duelle nur Show und damit nutzlos? In: Evelyn Bytzek, Sigrid Ro\u00dfteutscher (Hrsg.): <em>Der unbekannte W\u00e4hler? Mythen und Fakten \u00fcber das Wahlverhalten der Deutschen<\/em>, Frankfurt\/New York: Campus, 2011, S. 99\u2013114.<\/li>\n<li style=\"margin-top: 15px;\">Thorsten Faas, Ansgar Wolsing, Sascha Huber: Die \u00fcbersch\u00e4tzte Gefahr: Beeinflussen (getwitterte) Umfrageergebnisse Wahlentscheidungen? In: Evelyn Bytzek, Sigrid Ro\u00dfteutscher (Hrsg.): <em>Der unbekannte W\u00e4hler? Mythen und Fakten \u00fcber das Wahlverhalten der Deutschen<\/em>, Frankfurt\/New York: Campus, 2011, S. 177\u2013191.<\/li>\n<li style=\"margin-top: 15px;\">Thorsten Faas, J\u00fcrgen Maier: Das TV-Duell, in: Hans Rattinger, Sigrid Ro\u00dfteutscher, R\u00fcdiger Schmitt-Beck, Bernhard We\u00dfels et al. (Hrsg.): <em>Zwischen Langeweile und Extremen: Die Bundestagswahl 2009<\/em>, Baden-Baden: Nomos, 2011, S. 223\u2013236.<\/li>\n<\/ul>\n<h4 style=\"margin-top: 30px; margin-bottom: 20px;\">Sonstige Ver\u00f6ffentlichungen<\/h4>\n<ul>\n<li style=\"margin-top: 15px;\">Thorsten Faas: Gr\u00fcn-Rot startet wie im Rausch, aber der Alltag wird sie einholen, in: <em>Cicero Online<\/em> vom 13. Mai 2011, abrufbar unter <a href=\"http:\/\/www.cicero.de\/97.php?item=6252\">http:\/\/www.cicero.de\/97.php?item=6252<\/a>.<\/li>\n<li style=\"margin-top: 15px;\">Thorsten Faas: <em>Gr\u00fcn-Rot in Baden-W\u00fcrttemberg: Wie viel Wechsel darf\u2019s denn sein?<\/em> Abrufbar unter: <a href=\"http:\/\/www.boell.de\/demokratie\/parteiendemokratie-gruen-rot-in-baden-wuerttemberg-wie-viel-wechsel-darfs-denn-sein-11854.html\">http:\/\/www.boell.de\/demokratie\/parteiendemokratie-gruen-rot-in-baden-wuerttemberg-wie-viel-wechsel-darfs-denn-sein-11854.html<\/a>.<\/li>\n<li style=\"margin-top: 15px;\">Thorsten Faas: Atomkraft \u2013 heute hui, morgen pfui? In: <em>DW-World.de<\/em>, abrufbar unter <a href=\"http:\/\/www.dw-world.de\/dw\/article\/0,,14992813,00.html\">http:\/\/www.dw-world.de\/dw\/article\/0,,14992813,00.html<\/a>.<\/li>\n<li style=\"margin-top: 15px;\">Thorsten Faas: Die Wahl der Sp\u00e4tentscheider, in: <em>ZEIT ONLINE<\/em> vom 28. M\u00e4rz 2011, <a href=\"http:\/\/www.zeit.de\/politik\/deutschland\/2011-03\/waehlerverhalten-baden-wuerttemberg\">http:\/\/www.zeit.de\/politik\/deutschland\/2011-03\/waehlerverhalten-baden-wuerttemberg<\/a>.<\/li>\n<li style=\"margin-top: 15px;\">Thorsten Faas: Wahlen im Schatten der Kernenergie, in: <em>ZEIT ONLINE <\/em>vom 25. M\u00e4rz 2011, <a href=\"http:\/\/www.zeit.de\/politik\/deutschland\/2011-03\/wahl-atomkraft-gastbeitrag\">http:\/\/www.zeit.de\/politik\/deutschland\/2011-03\/wahl-atomkraft-gastbeitrag<\/a>.<\/li>\n<li style=\"margin-top: 15px;\">Thorsten Faas: Kommunalpolitik wird bunter, in: <em>IHK Wirtschaftsforum<\/em> 3\/2011, S. 8-9.<\/li>\n<\/ul>\n","protected":false},"excerpt":{"rendered":"<p>Artikel in Fachzeitschriften mit Peer Review J\u00fcrgen Maier, Thorsten Faas: \u2018Miniature Campaigns\u2019 in Comparison: The German Televised Debates, 2002\u201309, in: German Politics, 20, 2011, S. 75\u201391. Artikel in Sammelb\u00e4nden R\u00fcdiger Schmitt-Beck, Julia Partheym\u00fcller, Thorsten Faas: Einfl\u00fcsse politischer Gespr\u00e4chspartner auf Parteipr\u00e4ferenzen: Zur \u201esozialen Logik\u201c des politischen Verhaltens bei der Bundestagswahl 2009, in: R\u00fcdiger Schmitt-Beck (Hrsg.): W\u00e4hlen [&hellip;]<\/p>\n","protected":false},"author":2,"featured_media":0,"parent":63,"menu_order":204,"comment_status":"open","ping_status":"open","template":"","meta":{"footnotes":""},"class_list":["post-1195","page","type-page","status-publish","hentry"],"_links":{"self":[{"href":"https:\/\/www.thorstenfaas.de\/index.php?rest_route=\/wp\/v2\/pages\/1195","targetHints":{"allow":["GET"]}}],"collection":[{"href":"https:\/\/www.thorstenfaas.de\/index.php?rest_route=\/wp\/v2\/pages"}],"about":[{"href":"https:\/\/www.thorstenfaas.de\/index.php?rest_route=\/wp\/v2\/types\/page"}],"author":[{"embeddable":true,"href":"https:\/\/www.thorstenfaas.de\/index.php?rest_route=\/wp\/v2\/users\/2"}],"replies":[{"embeddable":true,"href":"https:\/\/www.thorstenfaas.de\/index.php?rest_route=%2Fwp%2Fv2%2Fcomments&post=1195"}],"version-history":[{"count":0,"href":"https:\/\/www.thorstenfaas.de\/index.php?rest_route=\/wp\/v2\/pages\/1195\/revisions"}],"up":[{"embeddable":true,"href":"https:\/\/www.thorstenfaas.de\/index.php?rest_route=\/wp\/v2\/pages\/63"}],"wp:attachment":[{"href":"https:\/\/www.thorstenfaas.de\/index.php?rest_route=%2Fwp%2Fv2%2Fmedia&parent=1195"}],"curies":[{"name":"wp","href":"https:\/\/api.w.org\/{rel}","templated":true}]}}