{"id":1694,"date":"2013-03-17T18:46:55","date_gmt":"2013-03-17T17:46:55","guid":{"rendered":"http:\/\/www.thorstenfaas.de\/?page_id=1694"},"modified":"2014-11-16T21:45:38","modified_gmt":"2014-11-16T20:45:38","slug":"2013-2","status":"publish","type":"page","link":"https:\/\/www.thorstenfaas.de\/?page_id=1694","title":{"rendered":"2013"},"content":{"rendered":"<h4 style=\"margin-top: 30px; margin-bottom: 20px;\">Beitr\u00e4ge zu Fachkonferenzen<\/h4>\n<ul>\n<li style=\"margin-top: 15px;\">Thorsten Faas: Wahlen und Entscheidungsfindung \u2013 Vortrag gehalten auf dem DGI-Forum Wittenberg 2013 der Deutschen Gesellschaft f\u00fcr Informationswissenschaft und Informationspraxis e.V. (DGI) zum Thema \u201eEntscheidungsfindung zwischen Information, Intuition und Manipulation\u201c in Wittenberg, Oktober 2013<\/li>\n<li style=\"margin-top: 15px;\">Sebastian Fietkau, Thorsten Faas: Visual Techniques in Measuring Attitudes towards Migrants \u2013 Paper pr\u00e4sentiert auf der dritten Annual General Conference der European Political Science Association in Barcelona, Juni 2013<\/li>\n<li style=\"margin-top: 15px;\">Thorsten Faas: Der Volksentscheid zu Stuttgart 21 im Partizipationskontext: Hintergr\u00fcnde und Strukturen \u2013 Paper pr\u00e4sentiert im Rahmen der Jahrestagung des Arbeitskreises \u201eDemokratieforschung\u201c der Deutschen Vereinigung f\u00fcr Politische Wissenschaft (DVPW) zum Thema \u201eDemokratie jenseits klassischer Partizipationsformen\u201c in Hagen, Juni 2013<\/li>\n<li style=\"margin-top: 15px;\">Thorsten Faas: Campaign Communication in Comparison \u2013 Paper pr\u00e4sentiert im Rahmen der Tagung \u201cNew Directions in Referendums; Politics and Campaigns\u201d an der National University of Ireland in Dublin, Mai 2013.<\/li>\n<li style=\"margin-top: 15px;\">Thorsten Faas: State Elections in Light of Fukushima and the Affective-Intelligence-Model: The German Case of Baden-W\u00fcrttemberg \u2013 Paper pr\u00e4sentiert im Rahmen der 71. Jahrestagung der Midwest Political Science Association (MPSA) in Chicago, April 2013<\/li>\n<li style=\"margin-top: 15px;\">Thorsten Faas, Johannes N. Blumenberg: Capturing Campaign Dynamics 2.0: A Rolling Panel Study in the Run-Up to the Baden-Wuerttemberg State Election 2011\u2013 Paper pr\u00e4sentiert im Rahmen der 71. Jahrestagung der Midwest Political Science Association (MPSA) in Chicago, April 2013<\/li>\n<\/ul>\n<h4 style=\"margin-top: 30px; margin-bottom: 20px;\">Sonstige Vortr\u00e4ge<\/h4>\n<ul>\n<li style=\"margin-top: 15px;\">Thorsten Faas: Zwischen TV-Duell und \u201eTask Force Berlin\u201c: Die Rolle von Medien im Bundestagswahlkampf \u2013 Vortrag gehalten im Rahmen der Tagung \u201eEntscheidungen und Perspektiven: Das Wahljahr 2013\u201c an der Akademie f\u00fcr Politische Bildung in Tutzing, November 2013<\/li>\n<li style=\"margin-top: 15px;\">Thorsten Faas: Dieses Internet und die #btw13 \u2013 Vortag gehalten im Rahmen der Summer School \u201eDigitale Demokratie\u201c an der LMU M\u00fcnchen, Oktober 2013<\/li>\n<li style=\"margin-top: 15px;\">Thorsten Faas: Demoskopie: Fluch oder Segen? Vortrag gehalten auf der 11. Internationalen Konferenz f\u00fcr Politische Kommunikation der Konrad-Adenauer-Stiftung in Berlin, Oktober 2013<\/li>\n<li style=\"margin-top: 15px;\">Thorsten Faas: Deutschland nach der Wahl \u2013 Vortrag gehalten im Rahmen der Redner-Tour \u201eZukunft Deutschland\u201c der Konrad-Adenauer-Stiftung in Ulm, Oktober 2013<\/li>\n<li style=\"margin-top: 15px;\">Thorsten Faas: Nach Duell, Dreikampf und Arena: Auf der Zielgeraden zur Bundestagswahl \u2013 Vortrag bei der Badischen Zeitung in Freiburg, September 2013<\/li>\n<li style=\"margin-top: 15px;\">Thorsten Faas: Das Meinungsklima im Vorfeld der Bundestagswahl 2013: Eine Meta-Perspektive \u2013 Vortrag gehalten beim Workshop \u201ePolitische Kommunikation\u201c der Deutschen Gesellschaft f\u00fcr Politikberatung in Cadenabbia, Juli 2013<\/li>\n<li style=\"margin-top: 15px;\">Thorsten Faas: Deutschland vor der Bundestagswahl: Die Rolle neuer Kommunikation \u2013 Vortrag gehalten bei der Friedrich-Ebert-Stiftung in Mainz, Juli 2013<\/li>\n<li style=\"margin-top: 15px;\">Thorsten Faas: Experimentelle politikwissenschaftliche Einstellungs- und Verhaltensforschung \u2013 Vortrag gehalten an der Universit\u00e4t Heidelberg, M\u00e4rz 2013<\/li>\n<li style=\"margin-top: 15px;\">Thorsten Faas: Demoskopie und W\u00e4hlerverhalten \u2013 Vortrag gehalten im Rahmen des 56. M\u00fcnchner Mediengespr\u00e4chs des Bayernforums der Friedrich-Ebert-Stiftung in M\u00fcnchen, M\u00e4rz 2013<\/li>\n<li style=\"margin-top: 15px;\">Thorsten Faas: Welche Beteiligung will \u201edas Volk\u201c? Zustimmungen und Konfliktpotentiale \u2013 Vortrag gehalten im Rahmen des Werkstattgespr\u00e4chs \u201eDemokratiereformen in den L\u00e4ndern &#8211; Stand und Perspektiven\u201c der Heinrich-B\u00f6ll-Stiftung in Hannover, Februar 2013<\/li>\n<\/ul>\n","protected":false},"excerpt":{"rendered":"<p>Beitr\u00e4ge zu Fachkonferenzen Thorsten Faas: Wahlen und Entscheidungsfindung \u2013 Vortrag gehalten auf dem DGI-Forum Wittenberg 2013 der Deutschen Gesellschaft f\u00fcr Informationswissenschaft und Informationspraxis e.V. (DGI) zum Thema \u201eEntscheidungsfindung zwischen Information, Intuition und Manipulation\u201c in Wittenberg, Oktober 2013 Sebastian Fietkau, Thorsten Faas: Visual Techniques in Measuring Attitudes towards Migrants \u2013 Paper pr\u00e4sentiert auf der dritten Annual [&hellip;]<\/p>\n","protected":false},"author":2,"featured_media":0,"parent":67,"menu_order":0,"comment_status":"closed","ping_status":"open","template":"","meta":{"footnotes":""},"class_list":["post-1694","page","type-page","status-publish","hentry"],"_links":{"self":[{"href":"https:\/\/www.thorstenfaas.de\/index.php?rest_route=\/wp\/v2\/pages\/1694","targetHints":{"allow":["GET"]}}],"collection":[{"href":"https:\/\/www.thorstenfaas.de\/index.php?rest_route=\/wp\/v2\/pages"}],"about":[{"href":"https:\/\/www.thorstenfaas.de\/index.php?rest_route=\/wp\/v2\/types\/page"}],"author":[{"embeddable":true,"href":"https:\/\/www.thorstenfaas.de\/index.php?rest_route=\/wp\/v2\/users\/2"}],"replies":[{"embeddable":true,"href":"https:\/\/www.thorstenfaas.de\/index.php?rest_route=%2Fwp%2Fv2%2Fcomments&post=1694"}],"version-history":[{"count":0,"href":"https:\/\/www.thorstenfaas.de\/index.php?rest_route=\/wp\/v2\/pages\/1694\/revisions"}],"up":[{"embeddable":true,"href":"https:\/\/www.thorstenfaas.de\/index.php?rest_route=\/wp\/v2\/pages\/67"}],"wp:attachment":[{"href":"https:\/\/www.thorstenfaas.de\/index.php?rest_route=%2Fwp%2Fv2%2Fmedia&parent=1694"}],"curies":[{"name":"wp","href":"https:\/\/api.w.org\/{rel}","templated":true}]}}