{"id":1933,"date":"2014-01-23T15:17:26","date_gmt":"2014-01-23T14:17:26","guid":{"rendered":"http:\/\/www.thorstenfaas.de\/?page_id=1933"},"modified":"2020-05-10T19:41:44","modified_gmt":"2020-05-10T18:41:44","slug":"2014-2","status":"publish","type":"page","link":"https:\/\/www.thorstenfaas.de\/?page_id=1933","title":{"rendered":"2014"},"content":{"rendered":"<h4 style=\"margin-top: 30px; margin-bottom: 20px;\">Artikel in sonstigen Fachzeitschriften<\/h4>\n<ul>\n<li style=\"margin-top: 15px;\">Thorsten Faas: Zur Wahrnehmung und Wirkung von Meinungsumfragen, in: <em>Aus Politik und Zeitgeschichte<\/em>, B43-45, 2014, S. 3\u201310.<\/li>\n<li style=\"margin-top: 15px;\">Thorsten Faas, Sven Vollnhals: Methoden der Politikwissenschaft, in: <em>Politische Bildung (Themenheft: Kursbuch Politikwissenschaft)<\/em>, 47, 2014, S. 116\u2013130.<\/li>\n<li style=\"margin-top: 15px;\">Thorsten Faas: Die hessische Landtagswahl vom 22. September 2013: Schwarz-gr\u00fcne \u201ehessische Verh\u00e4ltnisse\u201c, in: <em>Zeitschrift f\u00fcr Parlamentsfragen<\/em>, 45, 2014, S. 349\u2013365.<\/li>\n<li style=\"margin-top: 15px;\">Thorsten Faas, J\u00fcrgen Maier: Wahlk\u00e4mpfe im Miniaturformat: Fernsehdebatten und ihre Wirkung am Beispiel des TV-Duells 2013 zwischen Angela Merkel und Peer Steinbr\u00fcck, in: <em>Information. Wissenschaft &amp; Praxis<\/em>, 65, 2014, S. 163\u2013168.<\/li>\n<li style=\"margin-top: 15px;\">J\u00fcrgen Maier, Thorsten Faas, Michaela Maier: Aufgeholt, aber nicht aufgeschlossen: Ausgew\u00e4hlte Befunde zur Wahrnehmung und Wirkung des TV-Duells 2013 zwischen Angela Merkel und Peer Steinbr\u00fcck, in: <em>Zeitschrift f\u00fcr Parlamentsfragen<\/em>, 45, 2014, S. 38\u201354.<\/li>\n<li style=\"margin-top: 15px;\">Thorsten Faas, Daniela Hohmann: Die Schlandkette war nicht entscheidend, in: <em>Berliner Republik<\/em>, 5\/2014, S. 72\u201373.<\/li>\n<\/ul>\n<h4 style=\"margin-top: 30px; margin-bottom: 20px;\">Artikel in Sammelb\u00e4nden<\/h4>\n<ul>\n<li style=\"margin-top: 15px;\">Thorsten Faas, Sven Vollnhals: Methoden der Politikwissenschaft, in: Hans-J\u00fcrgen Bieling, Peter Massing, Kerstin Pohl, Stefan Schieren, Johannes Varwick (Hrsg.): <em>Kursbuch Politikwissenschaft: Einf\u00fchrung, Orientierung, Trends<\/em>, Schwalbach: Wochenschau, 2014, S. 145\u2013163.<\/li>\n<li style=\"margin-top: 15px;\">Thorsten Faas, Harald Schoen: Staatshilfe f\u00fcr Opel? Eine Analyse von Framing-Effekten auf der Basis eines Online-Experiments, in: Frank Marcinkowski (Hrsg.): <em>Framing als politischer Prozess. Beitr\u00e4ge zum Deutungskampf in der politischen Kommunikation<\/em>, Baden-Baden: Nomos, 2014, S. 179\u2013194.<\/li>\n<li style=\"margin-top: 15px;\">Daniela Hohmann, Thorsten Faas: Politik \u2013 gef\u00e4llt mir?! Soziale Online-Netzwerke als Quelle politischer Information, in: Kathrin Voss (Hrsg.): <em>Internet und Partizipation. Bottom-up oder Top-down? Politische Beteiligungsm\u00f6glichkeiten im Internet<\/em>, Wiesbaden: Springer VS, 2014, S. 247\u2013261.<\/li>\n<li style=\"margin-top: 15px;\">J\u00fcrgen Maier, Thorsten Faas, Isabella Glogger: Das TV-Duell, in: Hans Rattinger, Sigrid Ro\u00dfteutscher, R\u00fcdiger Schmitt-Beck, Bernhard We\u00dfels, Christof Wolf et al. (Hrsg.): <em>Zwischen Fragmentierung und Konzentration: Die Bundestagswahl 2013<\/em>, Baden-Baden: Nomos, 2014, S. 281\u2013292.<\/li>\n<\/ul>\n\n\n<h4 class=\"wp-block-heading\">Sonstige Ver\u00f6ffentlichungen<\/h4>\n\n\n\n<ul class=\"wp-block-list\"><li>J\u00fcrgen Maier, Thorsten Faas: <em>Transcription of the \u201eEurovision Debate\u201c in the Run-Up to the European Parliament Election 2014<\/em> (Arbeitspapiere und Dokumentationen des Forschungsschwerpunkts \u201eKommunikation, Medien und Politik\u201c, Nr. 2\/2014), Landau, 2014.<\/li><\/ul>\n","protected":false},"excerpt":{"rendered":"<p>Artikel in sonstigen Fachzeitschriften Thorsten Faas: Zur Wahrnehmung und Wirkung von Meinungsumfragen, in: Aus Politik und Zeitgeschichte, B43-45, 2014, S. 3\u201310. Thorsten Faas, Sven Vollnhals: Methoden der Politikwissenschaft, in: Politische Bildung (Themenheft: Kursbuch Politikwissenschaft), 47, 2014, S. 116\u2013130. Thorsten Faas: Die hessische Landtagswahl vom 22. September 2013: Schwarz-gr\u00fcne \u201ehessische Verh\u00e4ltnisse\u201c, in: Zeitschrift f\u00fcr Parlamentsfragen, 45, [&hellip;]<\/p>\n","protected":false},"author":2,"featured_media":0,"parent":63,"menu_order":201,"comment_status":"closed","ping_status":"open","template":"","meta":{"footnotes":""},"class_list":["post-1933","page","type-page","status-publish","hentry"],"_links":{"self":[{"href":"https:\/\/www.thorstenfaas.de\/index.php?rest_route=\/wp\/v2\/pages\/1933","targetHints":{"allow":["GET"]}}],"collection":[{"href":"https:\/\/www.thorstenfaas.de\/index.php?rest_route=\/wp\/v2\/pages"}],"about":[{"href":"https:\/\/www.thorstenfaas.de\/index.php?rest_route=\/wp\/v2\/types\/page"}],"author":[{"embeddable":true,"href":"https:\/\/www.thorstenfaas.de\/index.php?rest_route=\/wp\/v2\/users\/2"}],"replies":[{"embeddable":true,"href":"https:\/\/www.thorstenfaas.de\/index.php?rest_route=%2Fwp%2Fv2%2Fcomments&post=1933"}],"version-history":[{"count":0,"href":"https:\/\/www.thorstenfaas.de\/index.php?rest_route=\/wp\/v2\/pages\/1933\/revisions"}],"up":[{"embeddable":true,"href":"https:\/\/www.thorstenfaas.de\/index.php?rest_route=\/wp\/v2\/pages\/63"}],"wp:attachment":[{"href":"https:\/\/www.thorstenfaas.de\/index.php?rest_route=%2Fwp%2Fv2%2Fmedia&parent=1933"}],"curies":[{"name":"wp","href":"https:\/\/api.w.org\/{rel}","templated":true}]}}