{"id":1960,"date":"2014-03-16T18:01:34","date_gmt":"2014-03-16T17:01:34","guid":{"rendered":"http:\/\/www.thorstenfaas.de\/?page_id=1960"},"modified":"2014-07-20T11:02:14","modified_gmt":"2014-07-20T10:02:14","slug":"2014-2","status":"publish","type":"page","link":"https:\/\/www.thorstenfaas.de\/?page_id=1960","title":{"rendered":"2014"},"content":{"rendered":"<h4 style=\"margin-top: 30px; margin-bottom: 20px;\">Beitr\u00e4ge zu Fachkonferenzen<\/h4>\n<ul>\n<li style=\"margin-top: 15px;\">Thorsten Faas, Dominic Nyhuis: Real-time measurement 2.0: Candidate evaluations during the German televised debate on Twitter &#8211; Paper pr\u00e4sentiert auf dem 2014 Annual Meeting der International Society of Political Psychology in Rom, Juli 2014<\/li>\n<li style=\"margin-top: 15px;\">Thorsten Faas, Sebastian Fietkau: Attitudes towards Immigration and Immigrants in Germany: A Comparison of Different Methods to Measure Them \u2013 Paper pr\u00e4sentiert auf dem 2014 Annual Meeting der International Society of Political Psychology in Rom, Juli 2014<\/li>\n<li style=\"margin-top: 15px;\">Sascha Huber, Thorsten Faas: How Twittered Exit Polls Can Shape Electoral Outcomes under PR Systems with Electoral Thresholds: An Experimental Test of how Polls May Shape the Fortunes of Small Parties \u2013 Paper pr\u00e4sentiert auf der internationalen Fachtagung \u201cElection Studies: Reviewing the Bundestagswahl 2013\u201d am Center for Advanced Studies der LMU M\u00fcnchen, Juni 2014<\/li>\n<li style=\"margin-top: 15px;\">Thorsten Faas, Sebastian Fietkau: List Experiments in the Study of Voting Behavior \u2013 Paper pr\u00e4sentiert auf der vierten Annual General Conference der European Political Science Association in Edinburgh, Juni 2014<\/li>\n<li style=\"margin-top: 15px;\">Sascha Huber, Thorsten Faas: How Twittered Exit Polls Can Shape Electoral Outcomes under PR Systems with Electoral Thresholds: An Experimental Test of how Polls May Shape the Fortunes of Small Parties \u2013 Paper pr\u00e4sentiert auf der vierten Annual General Conference der European Political Science Association in Edinburgh, Juni 2014<\/li>\n<li style=\"margin-top: 15px;\">Dominic Nyhuis, Thorsten Faas: Echtzeitmessung 2.0: Kandidatenbewertungen w\u00e4hrend des TV-Duells auf Twitter \u2013 Paper pr\u00e4sentiert auf der gemeinsamen Tagung der Arbeitskreise \u201ePolitik und Kommunikation\u201c und \u201eWahlen und politische Einstellungen\u201c der Deutschen Vereinigung f\u00fcr Politische Wissenschaft (DVPW) zum Thema \u201eBundestagswahl 2013\u201c in Berlin, Juni 2014<\/li>\n<li style=\"margin-top: 15px;\">Dominic Nyhuis, Thorsten Faas: Capturing real-time political evaluations using Twitter \u2013 Paper pr\u00e4sentiert auf der Jahrestagung der Sektion \u201eMethoden der Politikwissenschaft\u201c der Deutschen Vereinigung f\u00fcr Politische Wissenschaft (DVPW) zum Thema \u201eBig Data? New Data!\u201c in Duisburg, Mai 2014<\/li>\n<li style=\"margin-top: 15px;\">Thorsten Faas, Shaun Bowler: Losers\u2019 Consent in Direct Democracy? Stability and Change in Citizens&#8216; Attitudes Towards a Referendum in Germany \u2013 Paper pr\u00e4sentiert im Rahmen der 72. Jahrestagung der Midwest Political Science Association (MPSA) in Chicago, April 2014<\/li>\n<li style=\"margin-top: 15px;\">Sebastian Fietkau, Kasper Hansen, Thorsten Faas: How Perceptions of Immigrants Trigger Feelings of Economic and Cultural Threat \u2013 Paper pr\u00e4sentiert im Rahmen der 72. Jahrestagung der Midwest Political Science Association (MPSA) in Chicago, April 2014<\/li>\n<li style=\"margin-top: 15px;\">Sascha Huber, Thorsten Faas: How Twittered Exit Polls Can Shape Electoral Outcomes under PR Systems with Electoral Thresholds: An Experimental Test of how Polls May Shape the Fortunes of Small Parties \u2013 Paper pr\u00e4sentiert auf dem \u201eMontreal Voting Experiment Workshop\u201c an der Universit\u00e4t Montreal, M\u00e4rz 2014<\/li>\n<li style=\"margin-top: 15px;\">Thorsten Faas, Sebastian Fietkau: Die unerw\u00fcnschte soziale Erw\u00fcnschtheit. Einstellungen gegen\u00fcber Immigration und Immigranten in Deutschland \u2013 Vortrag gehalten im Rahmen der Tagung \u201eDifferent Methods, Same Results? Chancen und Risiken der Methodenvielfalt in der empirischen Sozialforschung\u201c an der TU Kaiserslautern, M\u00e4rz 2014<\/li>\n<\/ul>\n<h4 style=\"margin-top: 30px; margin-bottom: 20px;\">Sonstige Vortr\u00e4ge<\/h4>\n<ul>\n<li style=\"margin-top: 15px;\">Thorsten Faas: Demokratie und Demoskopie: Ein \u00dcberblick \u2013 Vortrag gehalten im Rahmen der Fachtagung \u201eDemokratie und Demoskopie\u201c der Friedrich-Ebert-Stiftung in Berlin, April 2014<\/li>\n<li style=\"margin-top: 15px;\">Thorsten Faas: Yet Another People\u2019s Choice: Based on Which Sources People Made Up their Mind in a German State Referendum Campaign \u2013 Vortrag gehalten im Rahmen des Institutskolloquiums des Instituts f\u00fcr Politikwissenschaft der Universit\u00e4t Bern, M\u00e4rz 2014<\/li>\n<li style=\"margin-top: 15px;\">Thorsten Faas: Herausforderungen der Umfrageforschung \u2013 Vortrag gehalten im Rahmen der Ringvorlesung \u201eMethoden der Geistes- und Sozialwissenschaften im 21. Jahrhundert\u201c der Universit\u00e4t Oldenburg, Februar 2014<\/li>\n<\/ul>\n","protected":false},"excerpt":{"rendered":"<p>Beitr\u00e4ge zu Fachkonferenzen Thorsten Faas, Dominic Nyhuis: Real-time measurement 2.0: Candidate evaluations during the German televised debate on Twitter &#8211; Paper pr\u00e4sentiert auf dem 2014 Annual Meeting der International Society of Political Psychology in Rom, Juli 2014 Thorsten Faas, Sebastian Fietkau: Attitudes towards Immigration and Immigrants in Germany: A Comparison of Different Methods to Measure [&hellip;]<\/p>\n","protected":false},"author":2,"featured_media":0,"parent":67,"menu_order":0,"comment_status":"closed","ping_status":"open","template":"","meta":{"footnotes":""},"class_list":["post-1960","page","type-page","status-publish","hentry"],"_links":{"self":[{"href":"https:\/\/www.thorstenfaas.de\/index.php?rest_route=\/wp\/v2\/pages\/1960","targetHints":{"allow":["GET"]}}],"collection":[{"href":"https:\/\/www.thorstenfaas.de\/index.php?rest_route=\/wp\/v2\/pages"}],"about":[{"href":"https:\/\/www.thorstenfaas.de\/index.php?rest_route=\/wp\/v2\/types\/page"}],"author":[{"embeddable":true,"href":"https:\/\/www.thorstenfaas.de\/index.php?rest_route=\/wp\/v2\/users\/2"}],"replies":[{"embeddable":true,"href":"https:\/\/www.thorstenfaas.de\/index.php?rest_route=%2Fwp%2Fv2%2Fcomments&post=1960"}],"version-history":[{"count":0,"href":"https:\/\/www.thorstenfaas.de\/index.php?rest_route=\/wp\/v2\/pages\/1960\/revisions"}],"up":[{"embeddable":true,"href":"https:\/\/www.thorstenfaas.de\/index.php?rest_route=\/wp\/v2\/pages\/67"}],"wp:attachment":[{"href":"https:\/\/www.thorstenfaas.de\/index.php?rest_route=%2Fwp%2Fv2%2Fmedia&parent=1960"}],"curies":[{"name":"wp","href":"https:\/\/api.w.org\/{rel}","templated":true}]}}