{"id":197,"date":"2009-03-22T18:25:42","date_gmt":"2009-03-22T17:25:42","guid":{"rendered":"http:\/\/www.thorstenfaas.de\/?page_id=197"},"modified":"2014-11-16T21:43:41","modified_gmt":"2014-11-16T20:43:41","slug":"2002-2","status":"publish","type":"page","link":"https:\/\/www.thorstenfaas.de\/?page_id=197","title":{"rendered":"2002"},"content":{"rendered":"<h4 style=\"margin-top: 30px; margin-bottom: 20px\">Artikel in Fachzeitschriften mit Peer Review<\/h4>\n<ul>\n<li style=\"margin-top: 15px\">Thorsten Faas: Why Do MEPs Defect? An Analysis of Party Group Cohesion in the 5th European Parliament, in: <em>European Integration online Papers (EIoP)<\/em>, 6, 2002, http:\/\/eiop.or.at\/eiop\/texte\/2002-002a.htm. <a onclick=\"javascript:show('WhyDo2002');\" onmouseover=\"this.style.cursor='pointer'\">[Abstract]<\/a>\n<div id=\"WhyDo2002\" class=\"abstract\" style=\"display: none;\">Gegenstand dieses Artikels ist die Fraktionsdisziplin und deren Determinanten im Europ\u00e4ischen Parlament. Als Datenbasis dienen 1.370 namentliche Abstimmungen aus dem Zeitraum von September 1999 bis Juli 2000. Die Ergebnisse best\u00e4tigen fr\u00fchere Befunde, denenzufolge die Fraktionsdisziplin im Europ\u00e4ischen Parlament \u00fcberraschend hoch ist. Zus\u00e4tzlich aber werden Umst\u00e4nde identifiziert, unter denen Abgeordnete und nationale Parteigruppen von Fraktionslinien abweichen. Wichtige Faktoren sind die Auswahlprozesse in der nationalen Arena, das nationale Wahlsystem bei Europawahlen, aber auch der Charakter der Beziehungen zwischen Europa-Abgeordneten und nationalen Parteien. <\/div>\n<\/li>\n<li style=\"margin-top: 15px\">Thorsten Faas, Andreas M. W\u00fcst: The Schill Factor in the Hamburg State Election 2001, in: <em>German Politics<\/em>, 11, 2002, S. 1\u201320. <a onclick=\"javascript:show('Schill2002');\" onmouseover=\"this.style.cursor='pointer'\">[Abstract]<\/a>\n<div id=\"Schill2002\" class=\"abstract\" style=\"display: none;\">Gegenstand dieses Artikels ist der Erfolg der Schill-Partei bei der B\u00fcrgerschaftswahl im September 2001 in Hamburg, wo sie im ersten Anlauf knapp 20{3426474b3f9f8d29c29a745addee9efa84dd37b71a1af316c98e4bc6cc0a8cdd} der Stimmen erreichte und in der Folgezeit auch Teil der Regierungskoalition wurde. Dieser Erfolg &#8211; der gr\u00f6\u00dfte einer neuen Partei in der deutschen Nachkriegsgeschichte &#8211; wird vor dem Hintergrund fr\u00fcherer Erfolge von Protestparteien in Deutschland betrachtet. Auf der Basis von Aggregat- und Individualdaten kommen die Autoren zu dem Schluss, dass Schills Erfolg trotz seiner neuen Dimension in der Tradition fr\u00fcherer Erfolge von Protestparteien steht. Auch die Schill-Partei ist &#8222;nur&#8220; eine Protestpartei, deren Fortbestand mittel- und langfristig h\u00f6chst fraglich ist. <\/div>\n<\/li>\n<\/ul>\n","protected":false},"excerpt":{"rendered":"<p>Artikel in Fachzeitschriften mit Peer Review Thorsten Faas: Why Do MEPs Defect? An Analysis of Party Group Cohesion in the 5th European Parliament, in: European Integration online Papers (EIoP), 6, 2002, http:\/\/eiop.or.at\/eiop\/texte\/2002-002a.htm. [Abstract] Gegenstand dieses Artikels ist die Fraktionsdisziplin und deren Determinanten im Europ\u00e4ischen Parlament. Als Datenbasis dienen 1.370 namentliche Abstimmungen aus dem Zeitraum von [&hellip;]<\/p>\n","protected":false},"author":2,"featured_media":0,"parent":63,"menu_order":245,"comment_status":"open","ping_status":"open","template":"","meta":{"footnotes":""},"class_list":["post-197","page","type-page","status-publish","hentry"],"_links":{"self":[{"href":"https:\/\/www.thorstenfaas.de\/index.php?rest_route=\/wp\/v2\/pages\/197","targetHints":{"allow":["GET"]}}],"collection":[{"href":"https:\/\/www.thorstenfaas.de\/index.php?rest_route=\/wp\/v2\/pages"}],"about":[{"href":"https:\/\/www.thorstenfaas.de\/index.php?rest_route=\/wp\/v2\/types\/page"}],"author":[{"embeddable":true,"href":"https:\/\/www.thorstenfaas.de\/index.php?rest_route=\/wp\/v2\/users\/2"}],"replies":[{"embeddable":true,"href":"https:\/\/www.thorstenfaas.de\/index.php?rest_route=%2Fwp%2Fv2%2Fcomments&post=197"}],"version-history":[{"count":0,"href":"https:\/\/www.thorstenfaas.de\/index.php?rest_route=\/wp\/v2\/pages\/197\/revisions"}],"up":[{"embeddable":true,"href":"https:\/\/www.thorstenfaas.de\/index.php?rest_route=\/wp\/v2\/pages\/63"}],"wp:attachment":[{"href":"https:\/\/www.thorstenfaas.de\/index.php?rest_route=%2Fwp%2Fv2%2Fmedia&parent=197"}],"curies":[{"name":"wp","href":"https:\/\/api.w.org\/{rel}","templated":true}]}}