{"id":228,"date":"2009-03-22T22:14:30","date_gmt":"2009-03-22T21:14:30","guid":{"rendered":"http:\/\/www.thorstenfaas.de\/?page_id=228"},"modified":"2011-04-09T16:37:46","modified_gmt":"2011-04-09T15:37:46","slug":"2009-2","status":"publish","type":"page","link":"https:\/\/www.thorstenfaas.de\/?page_id=228","title":{"rendered":"2009"},"content":{"rendered":"<h4 style=\"margin-top: 30px; margin-bottom: 20px\">Beitr\u00e4ge zu Fachkonferenzen<\/h4>\n<ul>\n<li style=\"margin-top: 15px\">Frank Brettschneider, Thorsten Faas, J\u00fcrgen Maier, Michaela Maier: Das TV-Duell 2009 \u2013 Vortrag gehalten im Rahmen des gemeinsamen Panels der DVPW-Arbeitskreise \u201eWahlen und politische Einstellungen\u201c sowie \u201ePolitik und Kommunikation\u201c im Rahmen des 24. Kongresses der Deutschen Vereinigung f\u00fcr Politische Wissenschaft (DVPW) in Kiel, September 2009<\/li>\n<li style=\"margin-top: 15px\">Thorsten Faas: Multilevel Economic Perceptions and Their Consequences \u2013 Paper pr\u00e4sentiert im Rahmen des Panels \u201eThe Independent Variables in Economic Voting Studies\u201c der 5th ECPR General Conference in Potsdam, September 2009<\/li>\n<li style=\"margin-top: 15px\">Thorsten Faas: Multilevel Economic Perceptions \u2013 Paper pr\u00e4sentiert im Rahmen der Jahrestagung des Arbeitskreises \u201eWahlen und politische Einstellungen\u201c der Deutschen Vereinigung f\u00fcr Politische Wissenschaft zum Thema \u201eNebenwahlen: Wahlen, W\u00e4hler und Legitimation der Mehrebenendemokratie\u201c in Frankfurt, Mai 2009 [Folien als <a href=\"http:\/\/www.thorstenfaas.de\/wp-content\/uploads\/2009\/05\/multilevel_economic_perceptions.pdf\">PDF<\/a> oder bei <a href=\"http:\/\/www.slideshare.net\/tfaas\/multilevel-economic-perceptions\">slideshare.net<\/a>]<\/li>\n<li style=\"margin-top: 15px\">Thorsten Faas: Attributions of Responsibility: Dynamics and Determinants \u2013 Paper pr\u00e4sentiert im Rahmen des Workshops \u201ePolitical Information, Public Knowledge and Perceptions of Reality\u201c der ECPR Joint Sessions in Lissabon, April 2009 [Folien als <a href=\"http:\/\/www.thorstenfaas.de\/wp-content\/uploads\/2009\/04\/vortrag_faas.pdf\">PDF<\/a> oder bei <a href=\"http:\/\/www.slideshare.net\/tfaas\/ecpr-lisbon-attributions-of-responsibilitydynamics-and-determinants\">slideshare.net<\/a>]<\/li>\n<li style=\"margin-top: 15px\">Thorsten Faas: Attributions of Responsibility \u2013 Dynamics, Determinants and Consequences: The Case of the 2005 German Election \u2013 Vortrag gehalten im Rahmen der 67th Annual National Conference of the Midwest Political Science Association in Chicago, April 2-5, 2009 [Folien als <a href=\"http:\/\/www.thorstenfaas.de\/wp-content\/uploads\/2009\/03\/mpsa_faas_vortrag.pdf\">PDF<\/a> oder bei <a href=\"http:\/\/www.slideshare.net\/tfaas\/mpsa-faas-vortrag\">slideshare.net<\/a>]<\/li>\n<li style=\"margin-top: 15px\">Thorsten Faas: In dubio contra regnum, Oder: Warum man erst wissen muss, wer regiert, um zu verstehen, wie ein Arbeitsloser reagiert \u2013 Paper pr\u00e4sentiert im Rahmen der Tagung \u201eInstitutionen und Prozesse in vergleichender Perspektive\u201c der Sektion \u201eVergleichende Politikwissenschaft\u201c der Deutschen Vereinigung f\u00fcr Politische Wissenschaft in Darmstadt, Januar 2009<\/li>\n<\/ul>\n<h4 style=\"margin-top: 30px; margin-bottom: 20px\">Sonstige Vortr\u00e4ge<\/h4>\n<ul>\n<li style=\"margin-top: 15px\">Thorsten Faas: Wahlkampfdynamik \u2013 Vortrag gehalten im Rahmen der Veranstaltung \u201eDie politische Situation in Deutschland\u201c der Friedrich-Ebert-Stiftung in Berlin, November 2009<\/li>\n<li style=\"margin-top: 15px\">Thorsten Faas: Zwischen Parteien und Personen: Das W\u00e4hlerverhalten bei der Saarlandwahl 2009 \u2013 Vortrag gehalten an der Fachhochschule f\u00fcr Verwaltung des Saarlandes in Saarbr\u00fccken, November 2009<\/li>\n<li style=\"margin-top: 15px\">Thorsten Faas: Wahlkampfdynamik: Politische Kommunikation im Bundestagswahlkampf 2009 \u2013 Vortrag gehalten im Rahmen der Veranstaltung \u201eAktuelle Trends im Wahljahr 2009 \u2013 Was hat sich bew\u00e4hrt?\u201d der Konrad-Adenauer-Stiftung in Wesseling, Oktober 2009<\/li>\n<li style=\"margin-top: 15px\">Thorsten Faas, R\u00fcdiger Schmitt-Beck: Voters\u2019 Political Conversations during the 2005 German Parliamentary Election Campaign: Causes and Consequences \u2013 Vortrag im Kolloquium des Instituts f\u00fcr Politikwissenschaft der Universit\u00e4t Bern, Oktober 2009<\/li>\n<li style=\"margin-top: 15px\">Thorsten Faas: TV Debates and Personalization &#8211; Vortrag gehalten an der Hertie School of Governance, Oktober 2009<\/li>\n<li style=\"margin-top: 15px\">Thorsten Faas, Harald Schoen: Irrelevant at Best: Celebrity Endorsements and Voter Mobilization in the Run-Up to the 2009 European Election in Germany \u2013 Vortrag gehalten im Rahmen des Symposium \u201eCampaigning for Europe. Parties, Campaigns, Mass Media and the European Parliamentary Elections 2009\u201d in Landau, Oktober 2009 [Folien als <a href=\"http:\/\/www.thorstenfaas.de\/wp-content\/uploads\/2009\/10\/vortrag_landau_faas_schoen.pdf\">PDF<\/a> oder bei <a href=\"http:\/\/www.slideshare.net\/tfaas\/irrelevant-at-best-celebrity-endorsements-and-voter-mobilization-in-the-runup-to-the-2009-european-election-in-germany\">slideshare.net<\/a>]<\/li>\n<li style=\"margin-top: 15px\">Thorsten Faas: Das TV-Duell 2009 \u2013 Vortrag gehalten im Rahmen einer Veranstaltung der Studenteninitiative Polimotion an der Universit\u00e4t Mannheim, September 2009 [Folien als <a href=\"http:\/\/www.thorstenfaas.de\/wp-content\/uploads\/2009\/09\/polimotion.pdf\">PDF<\/a>]<\/li>\n<li style=\"margin-top: 15px\">Thorsten Faas: Die Rolle der neuen Medien im Wahlkampf \u2013 Vortrag gehalten an der Deutschen Hochschule f\u00fcr Verwaltungswissenschaften in Speyer, Juni 2009 [Folien als <a href=\"http:\/\/www.thorstenfaas.de\/wp-content\/uploads\/2009\/06\/vortrag_faas_speyer.pdf\">PDF<\/a>]<\/li>\n<li style=\"margin-top: 15px\">Thorsten Faas: Multilevel Economic Perceptions and Attributions of Responsibility \u2013 Vortrag gehalten im Rahmen der 2009 BES Fellows Conference in Essex, Juni 2009 [Folien als <a href=\"http:\/\/www.thorstenfaas.de\/wp-content\/uploads\/2009\/07\/besconffaas.pdf\">PDF<\/a>]<\/li>\n<li style=\"margin-top: 15px\">Thorsten Faas, R\u00fcdiger Schmitt-Beck: Voters\u2019 Political Conversations during the 2005 German Parliamentary Election Campaign: Causes and Consequences &#8211; Vortrag gehalten an der International University in Bruchsal, Mai 2009 [Folien als <a href=\"http:\/\/www.thorstenfaas.de\/wp-content\/uploads\/2009\/05\/vortrag_bruchsal.pdf\">PDF<\/a>]<\/li>\n<li style=\"margin-top: 15px\">Thorsten Faas: Wahrnehmung und Wirkung von TV-Duellen \u2013 Vortrag gehalten im Rahmen der Veranstaltung \u201eTalkshows und TV-Duelle\u201c der Konrad-Adenauer-Stiftung in Wesseling, Mai 2009 [Folien als <a href=\"http:\/\/www.thorstenfaas.de\/wp-content\/uploads\/2009\/05\/tvduelle.pdf\">PDF<\/a> oder bei <a href=\"http:\/\/www.slideshare.net\/tfaas\/tvduelle-wahrnehmung-und-wirkung\">slideshare.net<\/a>]<\/li>\n<li style=\"margin-top: 15px\">Thorsten Faas: Electoral Consequences of Unemployment Experiences \u2013 Vortrag gehalten am Cornell Institute for European Studies, April 2009 [Folien als <a href=\"http:\/\/www.thorstenfaas.de\/wp-content\/uploads\/2009\/04\/vortrag_cornell.pdf\">PDF<\/a> oder bei <a href=\"http:\/\/www.slideshare.net\/tfaas\/electoral-consequences-of-unemployment-experiences\">slideshare.net<\/a>]<\/li>\n<li style=\"margin-top: 15px\">Thorsten Faas, R\u00fcdiger Schmitt-Beck: Wer w\u00e4hlt wen? Kommunales Wahlverhalten am Beispiel einer Gro\u00dfstadt \u2013 Vortrag gehalten im Rahmen der Veranstaltung \u201eWahlen und Wahlkampagnen in der Kommune\u201c der Konrad-Adenauer-Stiftung in Wesseling, M\u00e4rz 2009 [<a href=\".\/wp-content\/uploads\/2009\/03\/kommunaler_wahlkampf.pdf\">Folien (PDF, 538KB)<\/a>; <a href=\"http:\/\/www.slideshare.net\/tfaas\/kommunaler-wahlkampf\" target=\"_blank\">Flash auf slideshare.net<\/a>]<\/li>\n<li style=\"margin-top: 15px\">Thorsten Faas, Jochen Mayerl: Antwortlatenzzeiten in der Wahlforschung &#8211; Vortrag gehalten im Rahmen des Kolloquiums des Arbeitsbereichs B des Mannheimer Zentrum f\u00fcr Europ\u00e4ische Sozialforschung, Februar 2009<\/li>\n<li style=\"margin-top: 15px\">Thorsten Faas: Das Internet als Wahlkampfinstrument \u2013 Vortrag gehalten im Rahmen der Veranstaltung \u201eInternetwahlkampf\u201c der Konrad-Adenauer-Stiftung in Wesseling, Januar 2009<\/li>\n<\/ul>\n","protected":false},"excerpt":{"rendered":"<p>Beitr\u00e4ge zu Fachkonferenzen Frank Brettschneider, Thorsten Faas, J\u00fcrgen Maier, Michaela Maier: Das TV-Duell 2009 \u2013 Vortrag gehalten im Rahmen des gemeinsamen Panels der DVPW-Arbeitskreise \u201eWahlen und politische Einstellungen\u201c sowie \u201ePolitik und Kommunikation\u201c im Rahmen des 24. Kongresses der Deutschen Vereinigung f\u00fcr Politische Wissenschaft (DVPW) in Kiel, September 2009 Thorsten Faas: Multilevel Economic Perceptions and Their [&hellip;]<\/p>\n","protected":false},"author":2,"featured_media":0,"parent":67,"menu_order":305,"comment_status":"open","ping_status":"open","template":"","meta":{"footnotes":""},"class_list":["post-228","page","type-page","status-publish","hentry"],"_links":{"self":[{"href":"https:\/\/www.thorstenfaas.de\/index.php?rest_route=\/wp\/v2\/pages\/228","targetHints":{"allow":["GET"]}}],"collection":[{"href":"https:\/\/www.thorstenfaas.de\/index.php?rest_route=\/wp\/v2\/pages"}],"about":[{"href":"https:\/\/www.thorstenfaas.de\/index.php?rest_route=\/wp\/v2\/types\/page"}],"author":[{"embeddable":true,"href":"https:\/\/www.thorstenfaas.de\/index.php?rest_route=\/wp\/v2\/users\/2"}],"replies":[{"embeddable":true,"href":"https:\/\/www.thorstenfaas.de\/index.php?rest_route=%2Fwp%2Fv2%2Fcomments&post=228"}],"version-history":[{"count":0,"href":"https:\/\/www.thorstenfaas.de\/index.php?rest_route=\/wp\/v2\/pages\/228\/revisions"}],"up":[{"embeddable":true,"href":"https:\/\/www.thorstenfaas.de\/index.php?rest_route=\/wp\/v2\/pages\/67"}],"wp:attachment":[{"href":"https:\/\/www.thorstenfaas.de\/index.php?rest_route=%2Fwp%2Fv2%2Fmedia&parent=228"}],"curies":[{"name":"wp","href":"https:\/\/api.w.org\/{rel}","templated":true}]}}