{"id":230,"date":"2009-03-22T22:16:12","date_gmt":"2009-03-22T21:16:12","guid":{"rendered":"http:\/\/www.thorstenfaas.de\/?page_id=230"},"modified":"2009-03-22T22:26:22","modified_gmt":"2009-03-22T21:26:22","slug":"2008","status":"publish","type":"page","link":"https:\/\/www.thorstenfaas.de\/?page_id=230","title":{"rendered":"2008"},"content":{"rendered":"<h4 style=\"margin-top: 30px; margin-bottom: 20px\">Beitr\u00e4ge zu Fachkonferenzen<\/h4>\n<ul>\n<li style=\"margin-top: 15px\">Thorsten Faas, R\u00fcdiger Schmitt-Beck: Voters\u2019 Political Conversations during the 2005 German Parliamentary Election Campaign: Causes and Consequences \u2013 Paper pr\u00e4sentiert im Rahmen der 2008 Elections, Public Opinion and Parties (EPOP) Conference in Manchester, September 2008<\/li>\n<li style=\"margin-top: 15px\">Thorsten Faas: Multilevel Economic Perceptions: The Case of Germany \u2013 Paper pr\u00e4sentiert im Rahmen der Jahrestagung der American Political Science Association in Boston, September 2008\n<\/li>\n<li style=\"margin-top: 15px\">Thorsten Faas: Multilevel Economic Perceptions? Paper pr\u00e4sentiert im Rahmen der Jahrestagung des Arbeitskreises \u201eEmpirische Methoden der Politikwissenschaft\u201c der Deutschen Vereinigung f\u00fcr Politische Wissenschaft in Mainz, Juni 2008<\/li>\n<\/ul>\n<h4 style=\"margin-top: 30px; margin-bottom: 20px\">Sonstige Vortr\u00e4ge<\/h4>\n<ul>\n<li style=\"margin-top: 15px\">Thorsten Faas, R\u00fcdiger Schmitt-Beck: Wer w\u00e4hlt wen? Kommunales Wahlverhalten am Beispiel einer Gro\u00dfstadt \u2013 Vortrag gehalten im Rahmen der Veranstaltung \u201eWahlen und Wahlkampagnen in der Kommune\u201c der Konrad-Adenauer-Stiftung in Wesseling, November 2008\n<\/li>\n<li style=\"margin-top: 15px\">Thorsten Faas: Arbeitslose, Arbeitslosigkeit und die Linkspartei \u2013 Vortrag gehalten im Rahmen der Veranstaltung \u201eCampaigning: Die Landtagswahlk\u00e4mpfe in Hessen, Hamburg und Niedersachsen\u201c der Konrad-Adenauer-Stiftung in Wesseling, April 2008<\/li>\n<li style=\"margin-top: 15px\">Thorsten Faas: Wahrnehmung und Wirkung von TV-Duellen \u2013 Vortrag gehalten im Rahmen der Veranstaltung \u201eTalkshows und TV-Duelle\u201c der Konrad-Adenauer-Stiftung in Wesseling, M\u00e4rz und Dezember 2008<\/li>\n<\/ul>\n","protected":false},"excerpt":{"rendered":"<p>Beitr\u00e4ge zu Fachkonferenzen Thorsten Faas, R\u00fcdiger Schmitt-Beck: Voters\u2019 Political Conversations during the 2005 German Parliamentary Election Campaign: Causes and Consequences \u2013 Paper pr\u00e4sentiert im Rahmen der 2008 Elections, Public Opinion and Parties (EPOP) Conference in Manchester, September 2008 Thorsten Faas: Multilevel Economic Perceptions: The Case of Germany \u2013 Paper pr\u00e4sentiert im Rahmen der Jahrestagung der [&hellip;]<\/p>\n","protected":false},"author":2,"featured_media":0,"parent":67,"menu_order":310,"comment_status":"open","ping_status":"open","template":"","meta":{"footnotes":""},"class_list":["post-230","page","type-page","status-publish","hentry"],"_links":{"self":[{"href":"https:\/\/www.thorstenfaas.de\/index.php?rest_route=\/wp\/v2\/pages\/230","targetHints":{"allow":["GET"]}}],"collection":[{"href":"https:\/\/www.thorstenfaas.de\/index.php?rest_route=\/wp\/v2\/pages"}],"about":[{"href":"https:\/\/www.thorstenfaas.de\/index.php?rest_route=\/wp\/v2\/types\/page"}],"author":[{"embeddable":true,"href":"https:\/\/www.thorstenfaas.de\/index.php?rest_route=\/wp\/v2\/users\/2"}],"replies":[{"embeddable":true,"href":"https:\/\/www.thorstenfaas.de\/index.php?rest_route=%2Fwp%2Fv2%2Fcomments&post=230"}],"version-history":[{"count":0,"href":"https:\/\/www.thorstenfaas.de\/index.php?rest_route=\/wp\/v2\/pages\/230\/revisions"}],"up":[{"embeddable":true,"href":"https:\/\/www.thorstenfaas.de\/index.php?rest_route=\/wp\/v2\/pages\/67"}],"wp:attachment":[{"href":"https:\/\/www.thorstenfaas.de\/index.php?rest_route=%2Fwp%2Fv2%2Fmedia&parent=230"}],"curies":[{"name":"wp","href":"https:\/\/api.w.org\/{rel}","templated":true}]}}