{"id":2452,"date":"2017-01-27T22:29:50","date_gmt":"2017-01-27T21:29:50","guid":{"rendered":"http:\/\/www.thorstenfaas.de\/?page_id=2452"},"modified":"2025-05-17T12:41:36","modified_gmt":"2025-05-17T11:41:36","slug":"2017-2","status":"publish","type":"page","link":"https:\/\/www.thorstenfaas.de\/?page_id=2452","title":{"rendered":"2017"},"content":{"rendered":"<h4 style=\"margin-top: 30px; margin-bottom: 20px;\">Monografien und Herausgeberschaften<\/h4>\r\n<ul>\r\n<li>Thorsten Faas, J\u00fcrgen Maier, Michaela Maier (Hrsg.): <em>Merkel gegen Steinbr\u00fcck: Analysen zum TV-Duell vor der Bundestagswahl 2013 <\/em>Wiesbaden: Springer VS, 2017, DOI: <a href=\"http:\/\/dx.doi.org\/10.1007\/978-3-658-05432-8\">10.1007\/978-3-658-05432-8<\/a>.<\/li>\r\n<li>Thorsten Faas, Dietmar Molthagen, Tobias M\u00f6rschel (Hrsg.): <em>Demokratie und Demoskopie: Machen Zahlen Politik? <\/em>Wiesbaden: Springer VS, 2017, DOI: <a href=\"https:\/\/doi.org\/10.1007\/978-3-658-13677-2\">10.1007\/978-3-658-13677-2<\/a>.<\/li>\r\n<\/ul>\r\n<h4 style=\"margin-top: 30px; margin-bottom: 20px;\">Artikel in sonstigen Fachzeitschriften<\/h4>\r\n<ul>\r\n<li>Thorsten Faas, J\u00fcrgen Maier, Michaela Maier, Simon Richter: Populismus in Echtzeit: Analyse des TV-Duells und des TV-F\u00fcnfkampfs im Vorfeld der Bundestagswahl 2017, in: <em>Aus Politik und Zeitgeschichte<\/em>, 67, 44-45\/2017, S. 17\u201324, <a href=\"https:\/\/www.bpb.de\/shop\/zeitschriften\/apuz\/258499\/populismus-in-echtzeit\/\">https:\/\/www.bpb.de\/shop\/zeitschriften\/apuz\/258499\/populismus-in-echtzeit\/<\/a>.<\/li>\r\n<li>Claudia Landwehr, Thorsten Faas, Philipp Harms: Br\u00f6ckelt der Verfahrenskonsens? Einstellungen zu politischen Entscheidungen und demokratischen Entscheidungsverfahren in Zeiten des Populismus, in: <em>Leviathan<\/em>, 45, 2017, S. 35\u201354, DOI: <a href=\"http:\/\/dx.doi.org\/10.5771\/0340-0425-2017-1-35\">10.5771\/0340-0425-2017-1-35<\/a>.<\/li>\r\n<\/ul>\r\n<h4 style=\"margin-top: 30px; margin-bottom: 20px;\">Artikel in Sammelb\u00e4nden<\/h4>\r\n<ul>\r\n<li>Thorsten Faas, J\u00fcrgen Maier, Michaela Maier: Einleitung \u2013 TV-Duelle als Forschungsgegenstand, in: Thorsten Faas, J\u00fcrgen Maier, Michaela Maier (Hrsg.): <em>Merkel gegen Steinbr\u00fcck: Analysen zum TV-Duell vor der Bundestagswahl 2013<\/em>, Wiesbaden: Springer VS, 2017, S. 1\u20139, DOI: <a href=\"https:\/\/doi.org\/10.1007\/978-3-658-05432-8_1\">10.1007\/978-3-658-05432-8_1<\/a>.<\/li>\r\n<li>Thorsten Faas, J\u00fcrgen Maier: It\u2019s the media, stupid? Die Bedeutung der medialen Nachberichterstattung des Duells, in: Thorsten Faas, J\u00fcrgen Maier, Michaela Maier (Hrsg.): <em>Merkel gegen Steinbr\u00fcck: Analysen zum TV-Duell vor der Bundestagswahl 2013<\/em>, Wiesbaden: Springer VS, 2017, S. 191\u2013206, DOI: <a href=\"https:\/\/doi.org\/10.1007\/978-3-658-05432-8_12\">10.1007\/978-3-658-05432-8_12<\/a>.<\/li>\r\n<li>Thorsten Faas, J\u00fcrgen Maier: TV-Duell und TV-Dreikampf im Vergleich: Wahrnehmungen und Wirkungen, in: Thorsten Faas, J\u00fcrgen Maier, Michaela Maier (Hrsg.): <em>Merkel gegen Steinbr\u00fcck: Analysen zum TV-Duell vor der Bundestagswahl 2013<\/em>, Wiesbaden: Springer VS, 2017, S. 207\u2013217, DOI: <a href=\"https:\/\/doi.org\/10.1007\/978-3-658-05432-8_13\">10.1007\/978-3-658-05432-8_13<\/a>.<\/li>\r\n<li>Dietmar Molthagen, Tobias M\u00f6rschel, Thorsten Faas: Zum Wechselverh\u00e4ltnis von Demoskopie und Demokratie, in: Thorsten Faas, Dietmar Molthagen, Tobias M\u00f6rschel (Hrsg.): <em>Demokratie und Demoskopie: Machen Zahlen Politik? <\/em>Wiesbaden: Springer VS, 2017, S. 1\u20136, DOI: <a href=\"https:\/\/doi.org\/10.1007\/978-3-658-13677-2_1\">10.1007\/978-3-658-13677-2_1<\/a>.<\/li>\r\n<li>Thorsten Faas: Demoskopische Befunde \u2013 ihre Hintergr\u00fcnde, ihre Verarbeitung, ihre Folgen: einige (ein)leitende \u00dcberlegungen, in: Thorsten Faas, Dietmar Molthagen, Tobias M\u00f6rschel (Hrsg.): <em>Demokratie und Demoskopie: Machen Zahlen Politik? <\/em>Wiesbaden: Springer VS, 2017, S. 7\u201324, DOI: <a href=\"https:\/\/doi.org\/10.1007\/978-3-658-13677-2_2\">10.1007\/978-3-658-13677-2_2<\/a>.<\/li>\r\n<li>Thorsten Faas, Jasmin Siri: Soziale Ungleichheit und das Wahlbeteiligungsgef\u00e4lle, in: Elmar Wiesendahl (Hrsg.): <em>Parteien und soziale Ungleichheit<\/em>, Wiesbaden: Springer VS, 2017, S. 243\u2013257, <a href=\"https:\/\/doi.org\/10.1007\/978-3-658-08493-6_30\">10.1007\/978-3-658-08493-6_30<\/a>.<\/li>\r\n<li>Johannes N. Blumenberg, Thorsten Faas: Sag, wie h\u00e4ltst Du\u2019s mit Gr\u00fcn-Rot? Die gr\u00fcn-rote Landesregierung im Urteil der W\u00e4hler 2011 bis 2015, in: Felix H\u00f6risch, Stefan Wurster (Hrsg.): <em>Das gr\u00fcn-rote Experiment in Baden-W\u00fcrttemberg<\/em>, Wiesbaden: Springer VS, 2017, S. 361\u2013381, DOI: <a href=\"https:\/\/doi.org\/10.1007\/978-3-658-14868-3_14\">10.1007\/978-3-658-14868-3_14<\/a>.<\/li>\r\n<\/ul>\r\n\r\n<h4 class=\"wp-block-heading\">Sonstige Ver\u00f6ffentlichungen<\/h4>\r\n\r\n\r\n\r\n<ul class=\"wp-block-list\">\r\n<li>Thorsten Faas, Mona Krewel: <em>Eine komplexe Dreiecksbeziehung: Politik \u2013 Medien \u2013 B\u00fcrger_innen und ihre wechselseitigen Einfl\u00fcsse<\/em>, Bonn: Friedrich-Ebert-Stiftung, 2017, <a href=\"https:\/\/library.fes.de\/pdf-files\/akademie\/13102.pdf\">https:\/\/library.fes.de\/pdf-files\/akademie\/13102.pdf<\/a>.<\/li>\r\n<li>Thorsten Faas, Christian Huesmann: <em>Die B\u00fcrgerbeteiligung zum Klimaschutzplan 2050: Ergebnisse der Evaluation<\/em>, G\u00fctersloh: Bertelsmann Stiftung, 2017.<\/li>\r\n<li>J\u00fcrgen Maier, Michaela Maier, Thorsten Faas, Carolin Jansen: <em>Wortlaut des TV-F\u00fcnfkampfs zur Bundestagswahl am 24. September 2017<\/em> (Arbeitspapiere und Dokumentationen des Forschungsschwerpunkts \u201eKommunikation, Medien und Politik\u201c, Nr. 5\/2017), Landau, 2017.<\/li>\r\n<li>J\u00fcrgen Maier, Michaela Maier, Thorsten Faas, Carolin Jansen: <em>Wortlaut der Fernsehdebatte zur Bundestagswahl am 24. September 2017<\/em> (Arbeitspapiere und Dokumentationen des Forschungsschwerpunkts \u201eKommunikation, Medien und Politik\u201c, Nr. 4\/2017), Landau, 2017.<\/li>\r\n<\/ul>\r\n","protected":false},"excerpt":{"rendered":"<p>Monografien und Herausgeberschaften Thorsten Faas, J\u00fcrgen Maier, Michaela Maier (Hrsg.): Merkel gegen Steinbr\u00fcck: Analysen zum TV-Duell vor der Bundestagswahl 2013 Wiesbaden: Springer VS, 2017, DOI: 10.1007\/978-3-658-05432-8. Thorsten Faas, Dietmar Molthagen, Tobias M\u00f6rschel (Hrsg.): Demokratie und Demoskopie: Machen Zahlen Politik? Wiesbaden: Springer VS, 2017, DOI: 10.1007\/978-3-658-13677-2. Artikel in sonstigen Fachzeitschriften Thorsten Faas, J\u00fcrgen Maier, Michaela Maier, [&hellip;]<\/p>\n","protected":false},"author":2,"featured_media":0,"parent":63,"menu_order":0,"comment_status":"closed","ping_status":"closed","template":"","meta":{"footnotes":""},"class_list":["post-2452","page","type-page","status-publish","hentry"],"_links":{"self":[{"href":"https:\/\/www.thorstenfaas.de\/index.php?rest_route=\/wp\/v2\/pages\/2452","targetHints":{"allow":["GET"]}}],"collection":[{"href":"https:\/\/www.thorstenfaas.de\/index.php?rest_route=\/wp\/v2\/pages"}],"about":[{"href":"https:\/\/www.thorstenfaas.de\/index.php?rest_route=\/wp\/v2\/types\/page"}],"author":[{"embeddable":true,"href":"https:\/\/www.thorstenfaas.de\/index.php?rest_route=\/wp\/v2\/users\/2"}],"replies":[{"embeddable":true,"href":"https:\/\/www.thorstenfaas.de\/index.php?rest_route=%2Fwp%2Fv2%2Fcomments&post=2452"}],"version-history":[{"count":4,"href":"https:\/\/www.thorstenfaas.de\/index.php?rest_route=\/wp\/v2\/pages\/2452\/revisions"}],"predecessor-version":[{"id":3602,"href":"https:\/\/www.thorstenfaas.de\/index.php?rest_route=\/wp\/v2\/pages\/2452\/revisions\/3602"}],"up":[{"embeddable":true,"href":"https:\/\/www.thorstenfaas.de\/index.php?rest_route=\/wp\/v2\/pages\/63"}],"wp:attachment":[{"href":"https:\/\/www.thorstenfaas.de\/index.php?rest_route=%2Fwp%2Fv2%2Fmedia&parent=2452"}],"curies":[{"name":"wp","href":"https:\/\/api.w.org\/{rel}","templated":true}]}}