{"id":2856,"date":"2019-08-21T20:00:05","date_gmt":"2019-08-21T19:00:05","guid":{"rendered":"http:\/\/www.thorstenfaas.de\/?page_id=2856"},"modified":"2025-05-17T12:31:54","modified_gmt":"2025-05-17T11:31:54","slug":"2018-2","status":"publish","type":"page","link":"https:\/\/www.thorstenfaas.de\/?page_id=2856","title":{"rendered":"2018"},"content":{"rendered":"\r\n\r\n\r\n<h4 class=\"wp-block-heading\">Beitr\u00e4ge in Fachzeitschriften mit Peer Review<\/h4>\r\n\r\n\r\n\r\n<ul class=\"wp-block-list\">\r\n<li>Jochen Mayerl, Thorsten Faas: Campaign Dynamics of Cognitive Accessibility of Political Judgments: Measuring the Impact of Campaigns and Campaign Events using Response Latencies in two German Rolling Cross Section Studies, in: <em>Quality and Quantity<\/em>, 52, 2018, S. 1575\u20131592, DOI: <a href=\"https:\/\/doi.org\/10.1007\/s11135-017-0536-1\">10.1007\/s11135-017-0536-1<\/a>.<\/li>\r\n<\/ul>\r\n\r\n\r\n\r\n<ul class=\"wp-block-list\">\r\n<li>J\u00fcrgen Maier, Thorsten Faas, Berthold Rittberger, Jessica Fortin-Rittberger, Kalliope Agapiou Josifides, Susan Banducci, Paolo Bellucci, Magnus Blomgren, Inta Brikse, Karol Chwedczuk-Szulc, Marina Costa Lobo, Miko?aj Cze?nik, Anastasia Deligiaouri, Toma\u017e De\u017eelan, Wouter deNooy, Aldo Di Virgilio, Florin Fesnic, Danica Fink-Hafner, Marijana Grbe\u0161a, Carmen Greab, Andrija Henjak, David Nicolas Hopmann, David Johann, G\u00e1bor Jelenfi, Jurate Kavaliauskaite, Zoltan Kmetty, Sylvia Kritzinger, Pedro C. Magalh\u00e3es, Vincent Meyer, Katia Mihailova, Mihail Mirchev, Ville Pitk\u00e4nen, Aine Ramonaite, Theresa Reidy, Marek Rybar, Carmen Sammut, Jos\u00e9 Santana-Pereira, Guna Spurava, Lia-Paschalla Spyridou, Adriana Stefanel, V\u00e1clav \u0160t?tka, Aleksander Surdej, R\u00f3bert Tardos, Dimitris Trimithiotis, Christiano Vezzoni, Aneta Vil\u00e1gi, Gergo Zavecz: This time it\u2019s different? Effects of the Eurovision Debate on young citizens\u2019 and its consequence for EU democracy \u2013 evidence from a quasi-experiment in 24 countries, in: <em>Journal of European Public Policy<\/em>, 25, 2018, S. 606\u2013629, DOI: <a href=\"https:\/\/doi.org\/10.1080\/13501763.2016.1268643\">10.1080\/13501763.2016.1268643<\/a>.<\/li>\r\n<\/ul>\r\n\r\n\r\n\r\n<h4 class=\"wp-block-heading\">Artikel in Sammelb\u00e4nden<\/h4>\r\n\r\n\r\n\r\n<ul class=\"wp-block-list\">\r\n<li>Dominic Nyhuis, Thorsten Faas: Twitter als Spiegel \u00f6ffentlicher Meinung? Die Sch\u00e4tzung politischer Bewertungen auf Twitter mittels halbautomatischer Verfahren, in: Andreas Bl\u00e4tte, Joachim Behnke, Kai-Uwe Schnapp, Claudius Wagemann (Hrsg.): <em>Computational Social Science: Die Analyse von Big Data<\/em>, Baden-Baden: Nomos, 2018, S. 235\u2013254, DOI: <a href=\"http:\/\/dx.doi.org\/10.5771\/9783845286556-53\">10.5771\/9783845286556-53<\/a>.<\/li>\r\n<\/ul>\r\n<h4>Sonstige Publikationen<\/h4>\r\n<p>\r\n\r\n<\/p>\r\n<ul class=\"wp-block-list\">\r\n<li>Andreas M. W\u00fcst, Thorsten Faas: <em>Politische Einstellungen von Menschen mit Migrationshintergrund,<\/em> Berlin: Friedrich-Ebert-Stiftung, 2018, <a href=\"https:\/\/library.fes.de\/pdf-files\/dialog\/14347.pdf\">https:\/\/library.fes.de\/pdf-files\/dialog\/14347.pdf<\/a>.<\/li>\r\n<\/ul>\r\n","protected":false},"excerpt":{"rendered":"<p>Beitr\u00e4ge in Fachzeitschriften mit Peer Review Jochen Mayerl, Thorsten Faas: Campaign Dynamics of Cognitive Accessibility of Political Judgments: Measuring the Impact of Campaigns and Campaign Events using Response Latencies in two German Rolling Cross Section Studies, in: Quality and Quantity, 52, 2018, S. 1575\u20131592, DOI: 10.1007\/s11135-017-0536-1. J\u00fcrgen Maier, Thorsten Faas, Berthold Rittberger, Jessica Fortin-Rittberger, Kalliope [&hellip;]<\/p>\n","protected":false},"author":2,"featured_media":0,"parent":63,"menu_order":0,"comment_status":"closed","ping_status":"closed","template":"","meta":{"footnotes":""},"class_list":["post-2856","page","type-page","status-publish","hentry"],"_links":{"self":[{"href":"https:\/\/www.thorstenfaas.de\/index.php?rest_route=\/wp\/v2\/pages\/2856","targetHints":{"allow":["GET"]}}],"collection":[{"href":"https:\/\/www.thorstenfaas.de\/index.php?rest_route=\/wp\/v2\/pages"}],"about":[{"href":"https:\/\/www.thorstenfaas.de\/index.php?rest_route=\/wp\/v2\/types\/page"}],"author":[{"embeddable":true,"href":"https:\/\/www.thorstenfaas.de\/index.php?rest_route=\/wp\/v2\/users\/2"}],"replies":[{"embeddable":true,"href":"https:\/\/www.thorstenfaas.de\/index.php?rest_route=%2Fwp%2Fv2%2Fcomments&post=2856"}],"version-history":[{"count":3,"href":"https:\/\/www.thorstenfaas.de\/index.php?rest_route=\/wp\/v2\/pages\/2856\/revisions"}],"predecessor-version":[{"id":3598,"href":"https:\/\/www.thorstenfaas.de\/index.php?rest_route=\/wp\/v2\/pages\/2856\/revisions\/3598"}],"up":[{"embeddable":true,"href":"https:\/\/www.thorstenfaas.de\/index.php?rest_route=\/wp\/v2\/pages\/63"}],"wp:attachment":[{"href":"https:\/\/www.thorstenfaas.de\/index.php?rest_route=%2Fwp%2Fv2%2Fmedia&parent=2856"}],"curies":[{"name":"wp","href":"https:\/\/api.w.org\/{rel}","templated":true}]}}