{"id":2861,"date":"2019-08-21T20:02:51","date_gmt":"2019-08-21T19:02:51","guid":{"rendered":"http:\/\/www.thorstenfaas.de\/?page_id=2861"},"modified":"2025-05-17T12:29:55","modified_gmt":"2025-05-17T11:29:55","slug":"2019-2","status":"publish","type":"page","link":"https:\/\/www.thorstenfaas.de\/?page_id=2861","title":{"rendered":"2019"},"content":{"rendered":"\r\n<h4 class=\"wp-block-heading\">Monografien und Herausgeberschaften<\/h4>\r\n\r\n\r\n\r\n<ul class=\"wp-block-list\">\r\n<li>J\u00fcrgen Maier, Thorsten Faas: <em>TV-Duelle<\/em>, Wiesbaden: Springer VS, 2019, DOI: <a href=\"https:\/\/doi.org\/10.1007\/978-3-658-11777-1\">10.1007\/978-3-658-11777-1<\/a>.<\/li>\r\n<\/ul>\r\n\r\n\r\n\r\n<h4 class=\"wp-block-heading\">Beitr\u00e4ge in Fachzeitschriften mit Peer Review<\/h4>\r\n\r\n\r\n\r\n<ul class=\"wp-block-list\">\r\n<li>Thorsten Faas, Tristan Klingelh\u00f6fer: The more things change, the more they stay the same? The German federal election of 2017 and its consequences, in: <em>West European Politics<\/em>, 42, 2019, S. 914\u2013926, DOI: <a href=\"https:\/\/doi.org\/10.1080\/01402382.2018.1561079\">10.1080\/01402382.2018.1561079<\/a>.<\/li>\r\n<li>Nicole Loew, Thorsten Faas: Between Thin- and Host-ideologies: How Populist Attitudes Interact with Policy Preferences in Shaping Voting Behaviour, in: <em>Representation<\/em>, 55, 2019, S. 493\u2013511, DOI: <a href=\"https:\/\/doi.org\/10.1080\/00344893.2019.1643772\">10.1080\/00344893.2019.1643772<\/a>.<\/li>\r\n<\/ul>\r\n\r\n\r\n\r\n<h4 class=\"wp-block-heading\">Artikel in sonstigen Fachzeitschriften<\/h4>\r\n\r\n\r\n\r\n<ul class=\"wp-block-list\">\r\n<li>Marc Debus, Thorsten Faas: Die hessische Landtagswahl vom 28. Oktober 2018: Fortsetzung der schwarz-gr\u00fcnen Wunschehe mit starken Gr\u00fcnen und schwacher CDU, in: <em>Zeitschrift f\u00fcr Parlamentsfragen<\/em>, 50, 2019, S. 245\u2013262, DOI: <a href=\"http:\/\/dx.doi.org\/10.5771\/0340-1758-2019-2-245\">10.5771\/0340-1758-2019-2-245<\/a>.<\/li>\r\n<\/ul>\r\n\r\n\r\n\r\n<h4 class=\"wp-block-heading\">Artikel in Sammelb\u00e4nden<\/h4>\r\n\r\n\r\n\r\n<ul class=\"wp-block-list\">\r\n<li>Jochen Mayerl, Thorsten Faas: Quantitative Analyse von Twitter und anderer usergenerierter Kommunikation, in: Nina Baur, J\u00f6rg Blasius (Hrsg.): <em>Handbuch Methoden der empirischen Sozialforschung, <\/em>Wiesbaden: Springer VS, 2019, S. 1027\u20131040, DOI: <a href=\"https:\/\/doi.org\/10.1007\/978-3-658-21308-4_73\">10.1007\/978-3-658-21308-4_73<\/a>.<\/li>\r\n<li>Simon Richter, Berend Barkela, Thorsten Faas, J\u00fcrgen Maier, Michaela Maier: TV-Duelle, in: Sigrid Ro\u00dfteutscher, R\u00fcdiger Schmitt-Beck, Harald Schoen, Bernhard We\u00dfels, Christof Wolf et al. (Hrsg.): <em>Zwischen Polarisierung und Beharrung: Die Bundestagswahl 2017<\/em>, Baden-Baden: Nomos, 2019, S. 309\u2013323.<\/li>\r\n<\/ul>\r\n","protected":false},"excerpt":{"rendered":"<p>Monografien und Herausgeberschaften J\u00fcrgen Maier, Thorsten Faas: TV-Duelle, Wiesbaden: Springer VS, 2019, DOI: 10.1007\/978-3-658-11777-1. Beitr\u00e4ge in Fachzeitschriften mit Peer Review Thorsten Faas, Tristan Klingelh\u00f6fer: The more things change, the more they stay the same? The German federal election of 2017 and its consequences, in: West European Politics, 42, 2019, S. 914\u2013926, DOI: 10.1080\/01402382.2018.1561079. Nicole Loew, [&hellip;]<\/p>\n","protected":false},"author":2,"featured_media":0,"parent":63,"menu_order":0,"comment_status":"closed","ping_status":"closed","template":"","meta":{"footnotes":""},"class_list":["post-2861","page","type-page","status-publish","hentry"],"_links":{"self":[{"href":"https:\/\/www.thorstenfaas.de\/index.php?rest_route=\/wp\/v2\/pages\/2861","targetHints":{"allow":["GET"]}}],"collection":[{"href":"https:\/\/www.thorstenfaas.de\/index.php?rest_route=\/wp\/v2\/pages"}],"about":[{"href":"https:\/\/www.thorstenfaas.de\/index.php?rest_route=\/wp\/v2\/types\/page"}],"author":[{"embeddable":true,"href":"https:\/\/www.thorstenfaas.de\/index.php?rest_route=\/wp\/v2\/users\/2"}],"replies":[{"embeddable":true,"href":"https:\/\/www.thorstenfaas.de\/index.php?rest_route=%2Fwp%2Fv2%2Fcomments&post=2861"}],"version-history":[{"count":2,"href":"https:\/\/www.thorstenfaas.de\/index.php?rest_route=\/wp\/v2\/pages\/2861\/revisions"}],"predecessor-version":[{"id":3595,"href":"https:\/\/www.thorstenfaas.de\/index.php?rest_route=\/wp\/v2\/pages\/2861\/revisions\/3595"}],"up":[{"embeddable":true,"href":"https:\/\/www.thorstenfaas.de\/index.php?rest_route=\/wp\/v2\/pages\/63"}],"wp:attachment":[{"href":"https:\/\/www.thorstenfaas.de\/index.php?rest_route=%2Fwp%2Fv2%2Fmedia&parent=2861"}],"curies":[{"name":"wp","href":"https:\/\/api.w.org\/{rel}","templated":true}]}}