{"id":3544,"date":"2025-05-11T12:43:19","date_gmt":"2025-05-11T11:43:19","guid":{"rendered":"https:\/\/www.thorstenfaas.de\/?page_id=3544"},"modified":"2025-05-17T12:22:19","modified_gmt":"2025-05-17T11:22:19","slug":"2022-2","status":"publish","type":"page","link":"https:\/\/www.thorstenfaas.de\/?page_id=3544","title":{"rendered":"2022"},"content":{"rendered":"<h4 class=\"wp-block-heading\">Monografien und Herausgeberschaften<\/h4>\n<ul>\n<li>Thorsten Faas, Sigrid Ro\u00dfteutscher (Hrsg.): Special Issue: Alive and Kicking: Electoral Reform in Germany, in: German Politics (Special Issue), 31, 2022, DOI: <a href=\"https:\/\/doi.org\/10.1080\/09644008.2022.2127147\">10.1080\/09644008.2022.2127147<\/a>.<\/li>\n<\/ul>\n<h4 class=\"wp-block-heading\">Beitr\u00e4ge in Fachzeitschriften mit Peer Review<\/h4>\n<ul>\n<li>Sigrid Ro\u00dfteutscher, Thorsten Faas, Arndt Leininger, Armin Sch\u00e4fer: Lowering the Quality of Democracy by Lowering the Voting Age? Comparing the Impact of School, Classmates, and Parents on 15-to 18-Year-Olds\u2019 Political Interest and Turnout, in: <em>German Politics<\/em>, 31, 2022, S. 483-510, DOI: <a href=\"https:\/\/doi.org\/10.1080\/09644008.2022.2117800\">10.1080\/09644008.2022.2117800<\/a>.<\/li>\n<li>Thorsten Faas, Sigrid Ro\u00dfteutscher: Alive and Kicking: Electoral Reform in Germany. Introduction to the Special Issue, in: <em>German Politics<\/em>, 31, 2022, S. 477-482, DOI: <a href=\"https:\/\/doi.org\/10.1080\/09644008.2022.2127147\">10.1080\/09644008.2022.2127147<\/a>.<\/li>\n<li>Simone Abendsch\u00f6n, B. Philipp Kleer, Thorsten Faas: Out-of-school learning as an effective tool of civic education in elementary school? Evidence from Germany, in: <em>Citizenship, Social and Economics Education<\/em>\u00b8 2022, S. 1-19, DOI: <a href=\"https:\/\/doi.org\/10.1177\/14788047221120682\">10.1177\/14788047221120682<\/a>.<\/li>\n<li>Thorsten Faas, Tristan Klingelh\u00f6fer: German politics at the traffic light: new beginnings in the election of 2021, in: <em>West European Politics<\/em>, 45, 2022, S. 1506-1521, DOI: <a href=\"https:\/\/doi.org\/10.1080\/01402382.2022.2045783\">10.1080\/01402382.2022.2045783<\/a>.<\/li>\n<\/ul>\n<h4 class=\"wp-block-heading\">Artikel in sonstigen Fachzeitschriften<\/h4>\n<ul>\n<li>Thorsten Faas, Mona Krewel: Politische Talkshows in der Pandemie: Eine Untersuchung zur Vielfalt von Gespr\u00e4chssendungen im deutschen Fernsehen, in: <em>Media Perspektiven<\/em>, 11\/2022, S. 539-547, <a href=\"https:\/\/www.ard-media.de\/fileadmin\/user_upload\/media-perspektiven\/pdf\/2022\/2211_Faas_Krewel.pdf\">https:\/\/www.ard-media.de\/fileadmin\/user_upload\/media-perspektiven\/pdf\/2022\/2211_Faas_Krewel.pdf<\/a>.<\/li>\n<li>Julia Reuschenbach, Thorsten Faas: Volksparteien in der Krise, in: <em>Deutschland &amp; Europa<\/em>, 39, 84\/2022, S.\u00a056-60.<\/li>\n<li>Thorsten Faas, Teodora Bibu, Philippe Joly, David Schieferdecker: Nutzung und Wahrnehmungen der Informationslandschaft im zweiten Jahr der Pandemie, in: <em>Media Perspektiven<\/em>, 1\/2022, S. 38-48, <a href=\"https:\/\/www.ard-media.de\/fileadmin\/user_upload\/media-perspektiven\/pdf\/2022\/2201_Faas_ua.pdf\">https:\/\/www.ard-media.de\/fileadmin\/user_upload\/media-perspektiven\/pdf\/2022\/2201_Faas_ua.pdf<\/a>.<\/li>\n<\/ul>\n<ul id=\"block-57654efa-9714-4814-a7ac-99f5f4a9f9f4\" class=\"block-editor-block-list__block wp-block wp-block-list block-editor-block-list__layout\" tabindex=\"0\" role=\"document\" aria-label=\"Block: Liste\" data-block=\"57654efa-9714-4814-a7ac-99f5f4a9f9f4\" data-type=\"core\/list\" data-title=\"Liste\" data-is-drop-zone=\"true\" data-draggable=\"true\"><\/ul>\n<h4 class=\"wp-block-heading\">Artikel in Sammelb\u00e4nden<\/h4>\n<ul>\n<li>J\u00fcrgen Maier, Michaela Maier, Thorsten Faas: Do Televised Debates Affect Voting Behavior? In: R\u00fcdiger Schmitt-Beck, Sigrid Ro\u00dfteutscher, Harald Schoen, Bernhard We\u00dfels, Christof Wolf (Hrsg.): <em>The Changing German Voter<\/em>, Oxford: Oxford University Press, 2022, S. 242-256, DOI: <a href=\"https:\/\/doi.org\/10.1093\/oso\/9780198847519.003.0012\">10.1093\/oso\/9780198847519.003.0012<\/a>.<\/li>\n<li>Thorsten Faas, Mona Krewel: Interaktionen von Politik und Wissenschaft in der Mediengesellschaft: Stimmenfang, Vorlesung oder Unterhaltung, in: Rudolf-Augstein Stiftung (Hrsg.): <em>Follow the Science \u2013 aber wohin? <\/em>Hamburg: Hoffmann &amp; Campe, 2022, S. 142-153.<\/li>\n<li>Thorsten Faas, Anton K\u00f6nneke: W\u00e4hlen ab 16? Pro und Contra, in: Anne-Sophie Friedel, Julia G\u00fcnther, Jacob Hirsch, Sascha Kneip, Johannes Piepenbrink, Anne Seibring (Hrsg.): <em>Repr\u00e4sentation \u2013 Identit\u00e4t \u2013 Beteiligung: Zum Zustand und Wandel der Demokratie<\/em>, Bonn: bpb Bundeszentrale f\u00fcr politische Bildung, 2022, S. 35-46, <a href=\"https:\/\/www.bpb.de\/system\/files\/dokument_pdf\/SR10871_Apuz-Repraesentation_ba_230124.pdf\">https:\/\/www.bpb.de\/system\/files\/dokument_pdf\/SR10871_Apuz-Repraesentation_ba_230124.pdf<\/a>.<\/li>\n<\/ul>\n<h4 class=\"block-editor-rich-text__editable rich-text\" role=\"textbox\" contenteditable=\"true\" aria-multiline=\"true\" aria-label=\"Listen-Text\" data-wp-block-attribute-key=\"content\">Sonstige Publikationen<\/h4>\n<ul>\n<li>Thorsten Faas, Arndt Leininger. Sie d\u00fcrfen w\u00e4hlen, sie d\u00fcrfen nicht, sie d\u00fcrfen w\u00e4hlen\u2026: Zur aktuellen Situation rund um das Wahlalter in Deutschland, in: <em>Verfassungsblog<\/em>, 2366-7044, 2022 (abrufbar unter <a href=\"https:\/\/verfassungsblog.de\/sie-durfen-wahlen-sie-durfen-nicht-sie-durfen-wahlen\/\">https:\/\/verfassungsblog.de\/sie-durfen-wahlen-sie-durfen-nicht-sie-durfen-wahlen\/<\/a>).<\/li>\n<li>Aiko Wagner, Thorsten Faas<em>: Stabiles Potenzial \u2013 Schwankende Aussch\u00f6pfung: Auswertung der SPD-Wahlergebnisse 1998, 2017 und 2021<\/em>, Bonn: Friedrich-Ebert-Stiftung, 2022, <a href=\"https:\/\/library.fes.de\/pdf-files\/a-p-b\/19534.pdf\">https:\/\/library.fes.de\/pdf-files\/a-p-b\/19534.pdf<\/a>.<\/li>\n<li>Thorsten Faas, Teodora Bibu, Philippe Joly, Petra Lipski, David Schieferdecker: RAPID-COVID: Soziale Netzwerke und die Pandemie: <em>Wer hat welche sozialen Medien genutzt, um sich \u00fcber die Pandemie zu informieren?<\/em> Policy Brief 2\/2022, Berlin (abrufbar unter <a href=\"https:\/\/refubium.fu-berlin.de\/bitstream\/handle\/fub188\/36577\/RAPID-COVID_2022-10_Soziale_Netzwerke_und_die_Pandemie.pdf\">https:\/\/refubium.fu-berlin.de\/bitstream\/handle\/fub188\/36577\/RAPID-COVID_2022-10_Soziale_Netzwerke_und_die_Pandemie.pdf<\/a> ).<\/li>\n<li>Simon Richter, Thorsten Faas, Philippe Joly, David Schieferdecker: RAPID-COVID: <em>Sag, wie h\u00e4ltst Du\u2019s mit der Impfpflicht? Einstellungen der deutschen Bev\u00f6lkerung zur Einf\u00fchrung einer allgemeinen Corona-Impfpflicht<\/em>, Policy Brief 1\/2022, Berlin, (abrufbar unter <a href=\"https:\/\/refubium.fu-berlin.de\/bitstream\/handle\/fub188\/34741\/RAPID-COVID_202204_Einstellungen_zur_Impfpflicht.pdf\">https:\/\/refubium.fu-berlin.de\/bitstream\/handle\/fub188\/34741\/RAPID-COVID_2022?04_Einstellungen_zur_Impfpflicht.pdf<\/a>).<\/li>\n<\/ul>\n","protected":false},"excerpt":{"rendered":"<p>Monografien und Herausgeberschaften Thorsten Faas, Sigrid Ro\u00dfteutscher (Hrsg.): Special Issue: Alive and Kicking: Electoral Reform in Germany, in: German Politics (Special Issue), 31, 2022, DOI: 10.1080\/09644008.2022.2127147. Beitr\u00e4ge in Fachzeitschriften mit Peer Review Sigrid Ro\u00dfteutscher, Thorsten Faas, Arndt Leininger, Armin Sch\u00e4fer: Lowering the Quality of Democracy by Lowering the Voting Age? Comparing the Impact of School, [&hellip;]<\/p>\n","protected":false},"author":2,"featured_media":0,"parent":63,"menu_order":0,"comment_status":"closed","ping_status":"closed","template":"","meta":{"footnotes":""},"class_list":["post-3544","page","type-page","status-publish","hentry"],"_links":{"self":[{"href":"https:\/\/www.thorstenfaas.de\/index.php?rest_route=\/wp\/v2\/pages\/3544","targetHints":{"allow":["GET"]}}],"collection":[{"href":"https:\/\/www.thorstenfaas.de\/index.php?rest_route=\/wp\/v2\/pages"}],"about":[{"href":"https:\/\/www.thorstenfaas.de\/index.php?rest_route=\/wp\/v2\/types\/page"}],"author":[{"embeddable":true,"href":"https:\/\/www.thorstenfaas.de\/index.php?rest_route=\/wp\/v2\/users\/2"}],"replies":[{"embeddable":true,"href":"https:\/\/www.thorstenfaas.de\/index.php?rest_route=%2Fwp%2Fv2%2Fcomments&post=3544"}],"version-history":[{"count":10,"href":"https:\/\/www.thorstenfaas.de\/index.php?rest_route=\/wp\/v2\/pages\/3544\/revisions"}],"predecessor-version":[{"id":3588,"href":"https:\/\/www.thorstenfaas.de\/index.php?rest_route=\/wp\/v2\/pages\/3544\/revisions\/3588"}],"up":[{"embeddable":true,"href":"https:\/\/www.thorstenfaas.de\/index.php?rest_route=\/wp\/v2\/pages\/63"}],"wp:attachment":[{"href":"https:\/\/www.thorstenfaas.de\/index.php?rest_route=%2Fwp%2Fv2%2Fmedia&parent=3544"}],"curies":[{"name":"wp","href":"https:\/\/api.w.org\/{rel}","templated":true}]}}