{"id":3557,"date":"2025-05-12T11:04:46","date_gmt":"2025-05-12T10:04:46","guid":{"rendered":"https:\/\/www.thorstenfaas.de\/?page_id=3557"},"modified":"2025-05-17T12:13:02","modified_gmt":"2025-05-17T11:13:02","slug":"2024-2","status":"publish","type":"page","link":"https:\/\/www.thorstenfaas.de\/?page_id=3557","title":{"rendered":"2024"},"content":{"rendered":"<h4 class=\"wp-block-heading\">Monografien und Herausgeberschaften<\/h4>\n<ul>\n<li>Thorsten Faas, Sigrid Ro\u00dfteutscher, Armin Sch\u00e4fer: <em>Jugend w\u00e4hlt: Perspektiven junger Menschen auf Wahlalter, politische Informationen und Parteien bei der Europawahl 2024<\/em>, Bonn: Friedrich-Ebert-Stiftung, 2024, <a href=\"https:\/\/library.fes.de\/pdf-files\/a-p-b\/21722.pdf\">https:\/\/library.fes.de\/pdf-files\/a-p-b\/21722.pdf<\/a>.<\/li>\n<\/ul>\n<h4 class=\"wp-block-heading\">Beitr\u00e4ge in Fachzeitschriften mit Peer Review<\/h4>\n<ul>\n<li>David Schieferdecker, Philippe Joly, Thorsten Faas: Affective Polarization Between Opinion-Based Groups in a Context of Low Partisan Discord: Measuring its Prevalence and Consequences, in: <em>International Journal of Public Opinion Research<\/em>, 36, 2024, edae009, DOI:<a href=\"https:\/\/doi.org\/10.1093\/ijpor\/edae009\"> 10.1093\/ijpor\/edae009<\/a>.<\/li>\n<li>Arndt Leininger, Armin Sch\u00e4fer, Thorsten Faas, Sigrid Ro\u00dfteutscher: Coming of voting age. Evidence from a natural experiment on the effects of electoral eligibility, in: <em>Electoral Studies<\/em>, 88, 2024, 102751, DOI: <a href=\"https:\/\/doi.org\/10.1016\/j.electstud.2024.102751\">10.1016\/j.electstud.2024.102751<\/a>.<\/li>\n<\/ul>\n<h4 class=\"wp-block-heading\">Artikel in sonstigen Fachzeitschriften<\/h4>\n<ul>\n<li>Marc Debus, Thorsten Faas: Die hessische Landtagswahl vom 8. Oktober 2023: Die Schw\u00e4che der Ampelparteien und das \u00fcberraschende Ende von Schwarz-Gr\u00fcn, in: <em>Zeitschrift f\u00fcr Parlamentsfragen<\/em>, 55, 2024, S. 25-42, DOI: <a href=\"https:\/\/doi.org\/10.5771\/0340-1758-2024-1-25\">doi.org\/10.5771\/0340-1758-2024-1-25<\/a>.<\/li>\n<li>Thorsten Faas: Vielfalt statt Rechtsruck: Junge Menschen w\u00e4hlen differenzierter, in: <em>Neue Gesellschaft\/Frankfurter Hefte<\/em>, 9\/2024, S. 50-53.<\/li>\n<li>Thorsten Faas: Pessimistisch und heterogen: Wie junge Menschen in Deutschland in die Zukunft und auf Europa schauen, in: <em>Neue Gesellschaft\/Frankfurter Hefte<\/em>, 5\/2024, S. 18-21.<\/li>\n<li>Thorsten Faas: Im Maschinenraum: Z\u00e4hes Ringen um ein progressives Wahlrecht, in: <em>Neue Gesellschaft\/Frankfurter Hefte<\/em>, 3\/2024, S. 18-21.<\/li>\n<li>Thorsten Faas: Flickenteppich mit Folgen: Die aktuelle Situation rund um das Mindestalter bei Wahlen in Deutschland, in: <em>Recht und Politik<\/em>, 1, 2024, S. 49-57.<\/li>\n<\/ul>\n<ul id=\"block-57654efa-9714-4814-a7ac-99f5f4a9f9f4\" class=\"block-editor-block-list__block wp-block wp-block-list block-editor-block-list__layout\" tabindex=\"0\" role=\"document\" aria-label=\"Block: Liste\" data-block=\"57654efa-9714-4814-a7ac-99f5f4a9f9f4\" data-type=\"core\/list\" data-title=\"Liste\" data-is-drop-zone=\"true\" data-draggable=\"true\"><\/ul>\n<h4 class=\"wp-block-heading\">Artikel in Sammelb\u00e4nden<\/h4>\n<ul>\n<li>Thorsten Faas, Anton K\u00f6nneke: Nicht nur anders, sondern auch weniger: Politische Informationsversorgung im Wandel der Generationen und der Medien am Beispiel der Bundestagswahl 2021, in: Ursula M\u00fcnch, Heinrich Oberreuter, J\u00f6rg Siegmund (Hrsg.): <em>Im Land der Scheinriesen? Die Bundestagswahl 2021 in der Analyse<\/em>, Frankfurt\/New York: Campus Verlag, 2024, S. 77-92.<\/li>\n<li>Thorsten Faas, Axel M. Burger: Der Dreierwahlkampf um das Kanzleramt 2021: Analysen kognitiver und affektiver Bewertungen der Kandidat:innen und ihrer Folgen, in: Harald Schoen, Bernhard We\u00dfels (Hrsg.): <em>Wahlen und W\u00e4hler: Analysen zur Bundestagswahl 2021, <\/em>Wiesbaden: Springer VS, 2024, S. 257-280, DOI: <a href=\"https:\/\/doi.org\/10.1007\/978-3-658-42694-1_10\">10.1007\/978-3-658-42694-1_10<\/a>.<\/li>\n<\/ul>\n<h4 class=\"block-editor-rich-text__editable rich-text\" role=\"textbox\" contenteditable=\"true\" aria-multiline=\"true\" aria-label=\"Listen-Text\" data-wp-block-attribute-key=\"content\">Sonstige Publikationen<\/h4>\n<ul>\n<li>Thorsten Faas, Lena Masch: CliWaC: <em>Die Berliner Wasser- und Klimastudie 2023\/24 \u2013 Ergebnisse einer repr\u00e4sentativen Bev\u00f6lkerungsumfrage<\/em>, Berlin: FU Berlin, 2024, <a href=\"https:\/\/www.polsoz.fu-berlin.de\/polwiss\/forschung\/systeme\/empsoz\/forschung\/ressourcen-Projekte\/FINAL_CLIWAC_A4_Broschuere_WEB.pdf\">https:\/\/www.polsoz.fu-berlin.de\/polwiss\/forschung\/systeme\/empsoz\/forschung\/ressourcen-Projekte\/FINAL_CLIWAC_A4_Broschuere_WEB.pdf<\/a>.<\/li>\n<li>Thorsten Faas: <em>Eine Frage des Alters? Erwerbsorientierung und die Gen Z<\/em>, Bonn: Friedrich-Ebert-Stiftung, 2024, <a href=\"https:\/\/library.fes.de\/pdf-files\/a-p-b\/21185.pdf\">https:\/\/library.fes.de\/pdf-files\/a-p-b\/21185.pdf<\/a>.<\/li>\n<\/ul>\n<p>&nbsp;<\/p>\n","protected":false},"excerpt":{"rendered":"<p>Monografien und Herausgeberschaften Thorsten Faas, Sigrid Ro\u00dfteutscher, Armin Sch\u00e4fer: Jugend w\u00e4hlt: Perspektiven junger Menschen auf Wahlalter, politische Informationen und Parteien bei der Europawahl 2024, Bonn: Friedrich-Ebert-Stiftung, 2024, https:\/\/library.fes.de\/pdf-files\/a-p-b\/21722.pdf. Beitr\u00e4ge in Fachzeitschriften mit Peer Review David Schieferdecker, Philippe Joly, Thorsten Faas: Affective Polarization Between Opinion-Based Groups in a Context of Low Partisan Discord: Measuring its Prevalence [&hellip;]<\/p>\n","protected":false},"author":2,"featured_media":0,"parent":63,"menu_order":0,"comment_status":"closed","ping_status":"closed","template":"","meta":{"footnotes":""},"class_list":["post-3557","page","type-page","status-publish","hentry"],"_links":{"self":[{"href":"https:\/\/www.thorstenfaas.de\/index.php?rest_route=\/wp\/v2\/pages\/3557","targetHints":{"allow":["GET"]}}],"collection":[{"href":"https:\/\/www.thorstenfaas.de\/index.php?rest_route=\/wp\/v2\/pages"}],"about":[{"href":"https:\/\/www.thorstenfaas.de\/index.php?rest_route=\/wp\/v2\/types\/page"}],"author":[{"embeddable":true,"href":"https:\/\/www.thorstenfaas.de\/index.php?rest_route=\/wp\/v2\/users\/2"}],"replies":[{"embeddable":true,"href":"https:\/\/www.thorstenfaas.de\/index.php?rest_route=%2Fwp%2Fv2%2Fcomments&post=3557"}],"version-history":[{"count":7,"href":"https:\/\/www.thorstenfaas.de\/index.php?rest_route=\/wp\/v2\/pages\/3557\/revisions"}],"predecessor-version":[{"id":3579,"href":"https:\/\/www.thorstenfaas.de\/index.php?rest_route=\/wp\/v2\/pages\/3557\/revisions\/3579"}],"up":[{"embeddable":true,"href":"https:\/\/www.thorstenfaas.de\/index.php?rest_route=\/wp\/v2\/pages\/63"}],"wp:attachment":[{"href":"https:\/\/www.thorstenfaas.de\/index.php?rest_route=%2Fwp%2Fv2%2Fmedia&parent=3557"}],"curies":[{"name":"wp","href":"https:\/\/api.w.org\/{rel}","templated":true}]}}