{"id":3563,"date":"2025-05-12T11:09:47","date_gmt":"2025-05-12T10:09:47","guid":{"rendered":"https:\/\/www.thorstenfaas.de\/?page_id=3563"},"modified":"2025-05-17T12:11:39","modified_gmt":"2025-05-17T11:11:39","slug":"2025-2","status":"publish","type":"page","link":"https:\/\/www.thorstenfaas.de\/?page_id=3563","title":{"rendered":"2025"},"content":{"rendered":"<h4 class=\"wp-block-heading\">Monografien und Herausgeberschaften<\/h4>\n<ul>\n<li>Thorsten Faas: <em>Polarisierung trotz Stabilit\u00e4t: W\u00e4hler:innen in Deutschland und ihr Blick auf Demokratie, Medien, Themen und Parteien im Lichte der CNEP-Studien 2017, 2021, 2024<\/em>, Berlin: FU Berlin, 2025, <a href=\"https:\/\/www.polsoz.fu-berlin.de\/polwiss\/forschung\/systeme\/empsoz\/forschung\/ressourcen-Projekte\/Abschlussbericht_OBS_CNEP_2025.pdf\">https:\/\/www.polsoz.fu-berlin.de\/polwiss\/forschung\/systeme\/empsoz\/forschung\/ressourcen-Projekte\/Abschlussbericht_OBS_CNEP_2025.pdf<\/a>.<\/li>\n<\/ul>\n<h4 class=\"wp-block-heading\">Beitr\u00e4ge in Fachzeitschriften mit Peer Review<\/h4>\n<ul>\n<li>Susanne Garritzmann, Sigrid Ro\u00dfteutscher, Arndt Leininger, Birgit Becker, Thorsten Faas, Max P. Jansen, Armin Sch\u00e4fer: Unequal Turnout Among the Newly Enfranchised: The Role of Political Efficacy, in <em>Politics and Governance<\/em>, 13, 2025. DOI: <a href=\"https:\/\/doi.org\/10.17645\/pag.9196\">10.17645\/pag.9196<\/a>.<\/li>\n<\/ul>\n<h4 class=\"wp-block-heading\">Artikel in sonstigen Fachzeitschriften<\/h4>\n<ul>\n<li>Thorsten Faas: Nicht hoffnungslos: Wo die junge Generation politisch steht und wie sie bei der Bundestagswahl abgestimmt hat, in: <em>Neue Gesellschaft\/Frankfurter Hefte<\/em>, 4\/2025, S. 33-36.<\/li>\n<\/ul>\n<ul id=\"block-57654efa-9714-4814-a7ac-99f5f4a9f9f4\" class=\"block-editor-block-list__block wp-block wp-block-list block-editor-block-list__layout\" tabindex=\"0\" role=\"document\" aria-label=\"Block: Liste\" data-block=\"57654efa-9714-4814-a7ac-99f5f4a9f9f4\" data-type=\"core\/list\" data-title=\"Liste\" data-is-drop-zone=\"true\" data-draggable=\"true\"><\/ul>\n<h4 class=\"block-editor-rich-text__editable rich-text\" role=\"textbox\" contenteditable=\"true\" aria-multiline=\"true\" aria-label=\"Listen-Text\" data-wp-block-attribute-key=\"content\">Sonstige Publikationen<\/h4>\n<ul>\n<li>Thorsten Faas: Verwaiste Wahlkreise: Kein Anschluss unter diesem Wahlkreis, <em>ZEIT Online<\/em>, 21. Februar 2025, (abrufbar unter <a href=\"https:\/\/www.zeit.de\/politik\/deutschland\/2025-02\/verwaiste-wahlkreise-bundestagswahl-wahlrecht-abgeordnete-mandate\">https:\/\/www.zeit.de\/politik\/deutschland\/2025-02\/verwaiste-wahlkreise-bundestagswahl-wahlrecht-abgeordnete-mandate<\/a>).<\/li>\n<li>Thorsten Faas: Jugendliche und die Wahl <em>\u2013<\/em> Auch unter 18 sollte man mitbestimmen und Themen setzen, <em>Tagesspiegel Online<\/em>, 21. Februar 2025, (abrufbar unter <a href=\"https:\/\/www.tagesspiegel.de\/wissen\/jugendliche-und-die-wahl-auch-unter-18-sollte-man-mitbestimmen-und-themen-setzen-13240036.html\">https:\/\/www.tagesspiegel.de\/wissen\/jugendliche-und-die-wahl-auch-unter-18-sollte-man-mitbestimmen-und-themen-setzen-13240036.html<\/a>).<\/li>\n<li>Thorsten Faas, Ansgar Wolsing: The Times They Are A-Changing: Wahlkreisgewinner*innen gestern und heute, <em>DVPW-Blog<\/em>, 29. April 2025, (abrufbar unter <a href=\"https:\/\/www.dvpw.de\/blog\/the-times-they-are-a-changing-wahlkreisgewinnerinnen-gestern-und-heute-ein-beitrag-von-thorsten-faas-und-ansgar-wolsing\">https:\/\/www.dvpw.de\/blog\/the-times-they-are-a-changing-wahlkreisgewinnerinnen-gestern-und-heute-ein-beitrag-von-thorsten-faas-und-ansgar-wolsing<\/a>).<\/li>\n<li>Thorsten Faas: Wahlbeteiligung: Die Macht der \u00c4lteren, <em>Politisches Feuilleton Deutschlandfunk Kultur<\/em>, 5. Februar 2025, (abrufbar unter <a href=\"https:\/\/www.deutschlandfunk.de\/demografie-bundestagswahl-wahlberechtige-alter-100.html\">https:\/\/www.deutschlandfunk.de\/demografie-bundestagswahl-wahlberechtige-alter-100.html<\/a>).<\/li>\n<li>Thorsten Faas: Polarisierter Kampf ums Klima &#8211; Skepsis speist sich oft aus Unwissen, weniger aus \u00dcberzeugung, <em>Tagesspiegel Online<\/em>, 30. Januar 2025, (abrufbar unter <a href=\"https:\/\/www.tagesspiegel.de\/wissen\/polarisierter-kampf-ums-klima-skepsis-speist-sich-oft-aus-unwissen-weniger-aus-uberzeugung-13070764.html\">https:\/\/www.tagesspiegel.de\/wissen\/polarisierter-kampf-ums-klima-skepsis-speist-sich-oft-aus-unwissen-weniger-aus-uberzeugung-13070764.html<\/a>).<\/li>\n<\/ul>\n<p>&nbsp;<\/p>\n<p>&nbsp;<\/p>\n","protected":false},"excerpt":{"rendered":"<p>Monografien und Herausgeberschaften Thorsten Faas: Polarisierung trotz Stabilit\u00e4t: W\u00e4hler:innen in Deutschland und ihr Blick auf Demokratie, Medien, Themen und Parteien im Lichte der CNEP-Studien 2017, 2021, 2024, Berlin: FU Berlin, 2025, https:\/\/www.polsoz.fu-berlin.de\/polwiss\/forschung\/systeme\/empsoz\/forschung\/ressourcen-Projekte\/Abschlussbericht_OBS_CNEP_2025.pdf. Beitr\u00e4ge in Fachzeitschriften mit Peer Review Susanne Garritzmann, Sigrid Ro\u00dfteutscher, Arndt Leininger, Birgit Becker, Thorsten Faas, Max P. Jansen, Armin Sch\u00e4fer: Unequal Turnout [&hellip;]<\/p>\n","protected":false},"author":2,"featured_media":0,"parent":63,"menu_order":0,"comment_status":"closed","ping_status":"closed","template":"","meta":{"footnotes":""},"class_list":["post-3563","page","type-page","status-publish","hentry"],"_links":{"self":[{"href":"https:\/\/www.thorstenfaas.de\/index.php?rest_route=\/wp\/v2\/pages\/3563","targetHints":{"allow":["GET"]}}],"collection":[{"href":"https:\/\/www.thorstenfaas.de\/index.php?rest_route=\/wp\/v2\/pages"}],"about":[{"href":"https:\/\/www.thorstenfaas.de\/index.php?rest_route=\/wp\/v2\/types\/page"}],"author":[{"embeddable":true,"href":"https:\/\/www.thorstenfaas.de\/index.php?rest_route=\/wp\/v2\/users\/2"}],"replies":[{"embeddable":true,"href":"https:\/\/www.thorstenfaas.de\/index.php?rest_route=%2Fwp%2Fv2%2Fcomments&post=3563"}],"version-history":[{"count":5,"href":"https:\/\/www.thorstenfaas.de\/index.php?rest_route=\/wp\/v2\/pages\/3563\/revisions"}],"predecessor-version":[{"id":3577,"href":"https:\/\/www.thorstenfaas.de\/index.php?rest_route=\/wp\/v2\/pages\/3563\/revisions\/3577"}],"up":[{"embeddable":true,"href":"https:\/\/www.thorstenfaas.de\/index.php?rest_route=\/wp\/v2\/pages\/63"}],"wp:attachment":[{"href":"https:\/\/www.thorstenfaas.de\/index.php?rest_route=%2Fwp%2Fv2%2Fmedia&parent=3563"}],"curies":[{"name":"wp","href":"https:\/\/api.w.org\/{rel}","templated":true}]}}