{"id":67,"date":"2009-03-14T17:06:06","date_gmt":"2009-03-14T16:06:06","guid":{"rendered":"http:\/\/www2.sowi.uni-mannheim.de\/faas\/tfwww\/?page_id=67"},"modified":"2020-09-11T17:20:36","modified_gmt":"2020-09-11T16:20:36","slug":"vortrage","status":"publish","type":"page","link":"https:\/\/www.thorstenfaas.de\/?page_id=67","title":{"rendered":"Vortr\u00e4ge"},"content":{"rendered":"<p>In dieser Rubrik finden sich die Vortr\u00e4ge, die ich gehalten habe. Ein vollst\u00e4ndiges Publikations- und Vortragsverzeichnis ist <a href=\"http:\/\/www.thorstenfaas.de\/wp-content\/uploads\/2009\/03\/schriftenverzeichnis_faas.pdf\">hier<\/a> als PDF zu finden.<\/p>\n<ul style=\"margin-top: 20px;\">\n<li><a href=\"https:\/\/www.thorstenfaas.de\/?page_id=3107\">2020<\/a><\/li>\n<li><a href=\"https:\/\/www.thorstenfaas.de\/?page_id=2874\">2019<\/a><\/li>\n<li><a href=\"https:\/\/www.thorstenfaas.de\/?page_id=2869\">2018<\/a><\/li>\n<li><a href=\"index.php?page_id=2545\">2017<\/a><\/li>\n<li><a href=\"index.php?page_id=2299\">2016<\/a><\/li>\n<li><a href=\"index.php?page_id=2161\">2015<\/a><\/li>\n<li><a href=\"index.php?page_id=1960\">2014<\/a><\/li>\n<li><a href=\"index.php?page_id=1694\">2013<\/a><\/li>\n<li><a href=\"index.php?page_id=1385\">2012<\/a><img loading=\"lazy\" decoding=\"async\" class=\"alignright size-full wp-image-1525\" title=\"vortragtf\" src=\"http:\/\/www.thorstenfaas.de\/wp-content\/uploads\/2009\/03\/vortragtf.jpg\" alt=\"\" width=\"300\" height=\"167\" \/><\/li>\n<li><a href=\"index.php?page_id=1150\">2011<\/a><\/li>\n<li><a href=\"index.php?page_id=965\">2010<\/a><\/li>\n<li><a href=\"index.php?page_id=228\">2009<\/a><\/li>\n<li><a href=\"index.php?page_id=230\">2008<\/a><\/li>\n<li><a href=\"index.php?page_id=232\">2007<\/a><\/li>\n<li><a href=\"index.php?page_id=234\">2006<\/a><\/li>\n<li><a href=\"index.php?page_id=236\">2005<\/a><\/li>\n<li><a href=\"index.php?page_id=238\">2004<\/a><\/li>\n<li><a href=\"index.php?page_id=240\">2003<\/a><\/li>\n<li><a href=\"index.php?page_id=242\">2002<\/a><\/li>\n<\/ul>\n","protected":false},"excerpt":{"rendered":"<p>In dieser Rubrik finden sich die Vortr\u00e4ge, die ich gehalten habe. Ein vollst\u00e4ndiges Publikations- und Vortragsverzeichnis ist hier als PDF zu finden. 2020 2019 2018 2017 2016 2015 2014 2013 2012 2011 2010 2009 2008 2007 2006 2005 2004 2003 2002<\/p>\n","protected":false},"author":2,"featured_media":0,"parent":0,"menu_order":300,"comment_status":"open","ping_status":"open","template":"","meta":{"footnotes":""},"class_list":["post-67","page","type-page","status-publish","hentry"],"_links":{"self":[{"href":"https:\/\/www.thorstenfaas.de\/index.php?rest_route=\/wp\/v2\/pages\/67","targetHints":{"allow":["GET"]}}],"collection":[{"href":"https:\/\/www.thorstenfaas.de\/index.php?rest_route=\/wp\/v2\/pages"}],"about":[{"href":"https:\/\/www.thorstenfaas.de\/index.php?rest_route=\/wp\/v2\/types\/page"}],"author":[{"embeddable":true,"href":"https:\/\/www.thorstenfaas.de\/index.php?rest_route=\/wp\/v2\/users\/2"}],"replies":[{"embeddable":true,"href":"https:\/\/www.thorstenfaas.de\/index.php?rest_route=%2Fwp%2Fv2%2Fcomments&post=67"}],"version-history":[{"count":0,"href":"https:\/\/www.thorstenfaas.de\/index.php?rest_route=\/wp\/v2\/pages\/67\/revisions"}],"wp:attachment":[{"href":"https:\/\/www.thorstenfaas.de\/index.php?rest_route=%2Fwp%2Fv2%2Fmedia&parent=67"}],"curies":[{"name":"wp","href":"https:\/\/api.w.org\/{rel}","templated":true}]}}