{"id":75,"date":"2009-03-15T22:01:10","date_gmt":"2009-03-15T21:01:10","guid":{"rendered":"http:\/\/www2.sowi.uni-mannheim.de\/faas\/tfwww\/?page_id=75"},"modified":"2025-05-12T11:25:02","modified_gmt":"2025-05-12T10:25:02","slug":"lehre","status":"publish","type":"page","link":"https:\/\/www.thorstenfaas.de\/?page_id=75","title":{"rendered":"Lehre"},"content":{"rendered":"<h3>Freie Universit\u00e4t Berlin<\/h3>\n<h4>SoSe 2025<\/h4>\n<ul>\n<li>Vorlesung \u201ePolitisches System und politische Soziologie der Bundesrepublik Deutschland\u201c<\/li>\n<li>BA-Seminar \u201eBundestagswahl 2025 &#8211; Theoretische und praktische Perspektiven\u201c<\/li>\n<li>MA-Seminar \u201eAnalysen der Bundestagswahl 2025\u201c<\/li>\n<li>Kolloquium \u201ePolitische Soziologie\u201c<\/li>\n<\/ul>\n<h4>\u00a0WiSe\u00a02024\/25<\/h4>\n<ul>\n<li>BA-Grundlagenseminar: \u201eWahlen in Zeiten des Populismus\u201d<\/li>\n<li>MA-Seminar: \u201eWahlen in Deutschland und den USA\u201c<\/li>\n<li>Kolloquium \u201ePolitische Soziologie\u201c<\/li>\n<\/ul>\n<h4>SoSe 2024<\/h4>\n<ul>\n<li>Vorlesung \u201ePolitisches System und politische Soziologie der Bundesrepublik Deutschland\u201c<\/li>\n<li>BA-Seminar \u201eEinf\u00fchrung in die Wahlforschung\u201d<\/li>\n<li>MA-Seminar: \u201ePolitische Einstellungen und Verhalten in Europa\u201d<\/li>\n<li>Kolloquium \u201ePolitische Soziologie\u201c<\/li>\n<\/ul>\n<h4>WiSe 2023\/24<\/h4>\n<ul>\n<li>BA-Grundlagenseminar \u201ePolitische Repr\u00e4sentation\u201c<\/li>\n<li>BA-Seminar: \u201eForschungsdesign: Experimente\u201c<\/li>\n<li>Kolloquium \u201ePolitische Soziologie\u201c<\/li>\n<\/ul>\n<h4>SoSe 2023<\/h4>\n<ul>\n<li>BA-Seminar \u201eEin Blick auf die \u2018Berliner Blase\u2019 aus Theorie und Praxis\u201c<\/li>\n<li>Kolloquium \u201ePolitische Soziologie\u201c<\/li>\n<\/ul>\n<h4>WiSe 2022\/23<\/h4>\n<ul>\n<li>MA-Seminar \u201eWahlsysteme und politische Repr\u00e4sentation\u201d<\/li>\n<li>Kolloquium \u201ePolitische Soziologie\u201c<\/li>\n<\/ul>\n<h4>SoSe 2022<\/h4>\n<ul>\n<li>Vorlesung \u201ePolitisches System und politische Soziologie der Bundesrepublik Deutschland\u201c<\/li>\n<li>BA-Seminar \u201eForschungsdesign\u201c<\/li>\n<li>Kolloquium \u201ePolitische Soziologie\u201c<\/li>\n<\/ul>\n<h4>WiSe 2021\/22<\/h4>\n<ul>\n<li>MA-Seminar \u201eWahlkampfdynamik: Empirische Analysen zur Bundestagswahl 2021\u201c<\/li>\n<li>Kolloquium \u201ePolitische Soziologie\u201c<\/li>\n<\/ul>\n<h4>SoSe 2021<\/h4>\n<ul>\n<li>Kolloquium \u201ePolitische Soziologie\u201c<\/li>\n<\/ul>\n<h4>WiSe 2020\/21<\/h4>\n<ul>\n<li>MA-Seminar \u201ePolitische Psychologie\u201c<\/li>\n<li>MA-Rechercheseminar \u201eWahlsysteme: Nutzungsmuster und Folgen\u201c<\/li>\n<li>MA-Rechercheseminar \u201ePolitische Einstellungen in Zeiten von Corona\u201c<\/li>\n<li>Kolloquium \u201ePolitische Soziologie\u201c<\/li>\n<\/ul>\n<h4>SoSe 2020<\/h4>\n<ul>\n<li>Vorlesung \u201ePolitisches System und politische Soziologie der Bundesrepublik Deutschland\u201c<\/li>\n<li>MA-Rechercheseminar \u201eWahlsysteme: Nutzungsmuster und Folgen\u201c<\/li>\n<li>Kolloquium \u201ePolitische Soziologie\u201c<\/li>\n<\/ul>\n<h4>\u00a0WS 2019\/20<\/h4>\n<ul>\n<li>Vorlesung \u201eEinf\u00fchrung in die Politische Soziologie\u201c<\/li>\n<li>BA-Seminar \u201ePolitische Einstellungen im wiedervereinigten Deutschland\u201c<\/li>\n<li>MA-Seminar \u201eJugend und Politik\u201c<\/li>\n<\/ul>\n<h4>SoSe 2019<\/h4>\n<ul>\n<li>Proseminar \u201eEinf\u00fchrung in die Wahlforschung\u201c<\/li>\n<li>BA-Hauptseminar \u201eDemoskopie, Duelle, Twitter: Wahlk\u00e4mpfe heute\u201c<\/li>\n<li>MA-Projektseminar \u201eEuropawahl 2019\u201c<\/li>\n<li>Kolloquium \u201ePolitische Soziologie\u201c<\/li>\n<\/ul>\n<h4>WiSe 2018\/19<\/h4>\n<ul>\n<li>Vorlesung \u201eEinf\u00fchrung in die Politische Soziologie\u201c<\/li>\n<li>MA-Seminar \u201ePolitische Psychologie\u201c<\/li>\n<li>BA-Hauptseminar \u201eWahlforschung replizieren\u201c<\/li>\n<li>Kolloquium \u201ePolitische Soziologie\u201c<\/li>\n<\/ul>\n<h4>SoSe 2018<\/h4>\n<ul>\n<li>BA-Hauptseminar \u201eExperimente in der Wahl- und Einstellungsforschung\u201c<\/li>\n<li>MA-Seminar \u201eSoziale Netzwerke und Wahlen\u201c<\/li>\n<li>MA-Projektseminar \u201eKommunales Wahlverhalten &#8211; Die Kommunalwahl 2018 in Schleswig-Holstein\u201c<\/li>\n<li>Kolloquium \u201ePolitische Soziologie\u201c<\/li>\n<\/ul>\n<h4>WiSe 2017\/18<\/h4>\n<ul>\n<li>Vorlesung \u201eEinf\u00fchrung in die Politische Soziologie\u201c<\/li>\n<li>Proseminar \u201eEinf\u00fchrung in die Wahlforschung\u201c<\/li>\n<li>BA-Hauptseminar \u201eEin Blick zur\u00fcck auf die Bundestagswahl 2017\u201c<\/li>\n<li>MA-Seminar \u201eExperimente in der Politikwissenschaft\u201c<\/li>\n<\/ul>\n<h3>Johannes Gutenberg-Universit\u00e4t Mainz<\/h3>\n<h4>SoSe 2017<\/h4>\n<ul>\n<li><em>Forschungsfreisemester<\/em><\/li>\n<\/ul>\n<h4>WiSe 2016\/17<\/h4>\n<ul>\n<li>Vorlesung &#8222;Statistik II&#8220;<\/li>\n<li>Masterseminar \u201eWahlen und W\u00e4hlerverhalten in den USA\u201c<\/li>\n<li>BA-\/MA-\u00dcbung \u201eWahlforschung replizieren\u201c<\/li>\n<li>Examenskolloquium \u201eEmpirische Politikforschung\u201c<\/li>\n<\/ul>\n<h4>SoSe 2016<\/h4>\n<ul>\n<li><em>Elternzeit<\/em><\/li>\n<\/ul>\n<h4>WiSe 2015\/16<\/h4>\n<ul>\n<li>Vorlesung &#8222;Statistik II&#8220;<\/li>\n<li>(Projekt-)Seminar &#8222;Landtagswahl Rheinland-Pfalz 2016&#8220;<\/li>\n<li>BA-Seminar &#8222;Wahlforschung replizieren&#8220;<\/li>\n<li>Examenskolloquium \u201eEmpirische Politikforschung\u201c<\/li>\n<\/ul>\n<h4>SoSe 2015<\/h4>\n<ul>\n<li>Vorlesung \u201eStatistik I\u201c<\/li>\n<li>MA-Seminar \u201eWahlen und Wahlsysteme\u201c<\/li>\n<li>BA-Seminar \u201eEconomic Voting\u201c<\/li>\n<li>BA-Seminar \u201eProzess- und Echtzeitdaten: Beispiele aus der politischen Kommunikationsforschung\u201c<\/li>\n<li>Examenskolloquium &#8222;Empirische Politikforschung&#8220;<\/li>\n<\/ul>\n<h4>WiSe 2014\/15<\/h4>\n<ul>\n<li>Vorlesung \u201eStatistik II\u201c<\/li>\n<li>Master-\/Projektseminar \u201eDemokratie-Audit\u201c<\/li>\n<li>BA-Seminar \u201eOrganisierte Interessen und Lobbyismus\u201c<\/li>\n<li>Examenskolloquium \u201eEmpirische Politikforschung\u201c<\/li>\n<\/ul>\n<h4>SoSe 2014<\/h4>\n<ul>\n<li>Vorlesung \u201eStatistik I\u201c<\/li>\n<li>Master-\/Projektseminar \u201eDemokratie-Audit\u201c<\/li>\n<li>Examenskolloquium &#8222;Empirische Politikforschung&#8220;<\/li>\n<\/ul>\n<h4>WiSe 2013\/14<\/h4>\n<ul>\n<li>Vorlesung &#8222;Statistik II&#8220;<\/li>\n<li>Examenskolloquium &#8222;Methoden&#8220;<\/li>\n<\/ul>\n<h4>SoSe 2013<\/h4>\n<ul>\n<li>Vorlesung &#8222;Statistik I&#8220;<\/li>\n<li>Seminar &#8222;Einstellungen zu Immigration: Determinanten, Strukturen und Konsequenzen&#8220;<\/li>\n<li>Projektseminar &#8222;Politische Psychologie&#8220;<\/li>\n<li>Examenskolloquium &#8222;Methoden&#8220;<\/li>\n<\/ul>\n<h4>WiSe 2012\/13<\/h4>\n<ul>\n<li>Vorlesung &#8222;Statistik II&#8220;<\/li>\n<li>Seminar &#8222;Direkte Demokratie&#8220;<\/li>\n<li>Projektseminar &#8222;Neue Methoden in der Wahlkampfforschung&#8220;<\/li>\n<li>Examenskolloquium &#8222;Methoden&#8220;<\/li>\n<\/ul>\n<h3>Universit\u00e4t Mannheim<\/h3>\n<h4>FS 2012<\/h4>\n<ul>\n<li>Seminar &#8222;Selected Topics in Comparative Politics: The (New) Psychology of Voting (CP)&#8220;<\/li>\n<li>Kolloquium BA-Abschlussarbeit: Politische Soziologie (PS)<\/li>\n<\/ul>\n<h4>HS 2011<\/h4>\n<ul>\n<li>Vorlesung &#8222;Das politische System der Bundesrepublik Deutschland&#8220;<\/li>\n<li>Seminar f\u00fcr Examenskandidaten: Ausgew\u00e4hlte Themen der Politikwissenschaft<\/li>\n<\/ul>\n<h4>FS 2011<\/h4>\n<ul>\n<li>Vorlesung &#8222;Einf\u00fchrung in die Politische Soziologie\/Vergleichende Regierungslehre&#8220;<\/li>\n<li>Hauptseminar: &#8222;Ausgew\u00e4hlte Themen der Politischen Soziologie: Economic Voting&#8220;<\/li>\n<\/ul>\n<h4>HS 2010<\/h4>\n<ul>\n<li>Vorlesung &#8222;Das politische System der Bundesrepublik Deutschland&#8220;<\/li>\n<li>Seminar f\u00fcr Examenskandidaten: Ausgew\u00e4hlte Themen der Politikwissenschaft<\/li>\n<\/ul>\n<h4>FS 2010<\/h4>\n<ul>\n<li>Vorlesung &#8222;Wahlen und W\u00e4hler&#8220;<\/li>\n<li>Proseminar &#8222;Einf\u00fchrung in die Politische Soziologie: Politische Psychologie&#8220;<\/li>\n<\/ul>\n<h4>HS 2009<\/h4>\n<ul>\n<li>\u00dcbung &#8222;Ausgew\u00e4hlte Themen der Politischen Soziologie: Wahlkampf-Dynamik am Beispiel der Bundestagswahl&#8220;<\/li>\n<\/ul>\n<h4>FS 2009<\/h4>\n<ul>\n<li>Proseminar &#8222;Einf\u00fchrung in die Politische Soziologie: Wahlforschung&#8220;<\/li>\n<li>\u00dcbung f\u00fcr Fortgeschrittene &#8222;Ausgew\u00e4hlte Themen der Politischen Soziologie: Experimente in der Politikwissenschaft&#8220;<\/li>\n<\/ul>\n<h4>HS 2008\/2009<\/h4>\n<ul>\n<li>Grundseminar &#8222;Das politische System der Bundesrepublik Deutschland in vergleichender Sicht&#8220;<\/li>\n<li>\u00dcbung &#8222;Politische Soziologie: Zentrale Konzepte und Forschungsergebnisse. Economic Voting&#8220;<\/li>\n<\/ul>\n<h3>Universit\u00e4t Duisburg-Essen<\/h3>\n<h4>SoSe 2008<\/h4>\n<ul>\n<li>Methodenanwendung in Praxisfeldern &#8222;Publish or Perish! Ver\u00f6ffentliche oder verschwinde! Publikationen in der Politikwissenschaft&#8220; (Fortsetzung)<\/li>\n<\/ul>\n<h4>WiSe 2007\/2008<\/h4>\n<ul>\n<li>Methodenanwendung in Praxisfeldern &#8222;Publish or Perish! Ver\u00f6ffentliche oder verschwinde! Publikationen in der Politikwissenschaft&#8220;<\/li>\n<li>Proseminar &#8222;Politische Systeme im Vergleich: &#8218;Patterns of Democracy'&#8220;<\/li>\n<\/ul>\n<h4>SoSe 2007<\/h4>\n<ul>\n<li>Lehrforschungsprojekt &#8222;Politische Kommunikation in Blogs, Chats und Foren&#8220;<\/li>\n<\/ul>\n<h4>WiSe 2006\/2007<\/h4>\n<ul>\n<li>Lehrforschungsprojekt &#8222;Politische Kommunikation: Berichterstattung \u00fcber Arbeitslosigkeit und ihre Folgen: Ausgew\u00e4hlte Inhaltsanalysen und Experimente&#8220;<\/li>\n<\/ul>\n<h4>SoSe 2006<\/h4>\n<ul>\n<li>Hauptseminar &#8222;Politikwissenschaftliche Experimente&#8220;<\/li>\n<\/ul>\n<h4>WiSe 2005\/2006<\/h4>\n<ul>\n<li>Praxisprojekt &#8222;Experimente in der Politikwissenschaft am Beispiel der Wahlforschung&#8220;<\/li>\n<\/ul>\n<h4>SoSe 2005<\/h4>\n<ul>\n<li>Praxisprojekt &#8222;Digitaler Wahlkampf NRW: Eine Online-Umfrage bei Direktkandidaten der nordrhein-westf\u00e4lischen Landtagswahl 2005&#8220;<\/li>\n<\/ul>\n<h4>WiSe 2004\/2005<\/h4>\n<ul>\n<li>Hauptseminar &#8222;Wirtschaft, Politik und Medien&#8220;<\/li>\n<\/ul>\n<h4>SoSe 2004<\/h4>\n<ul>\n<li>Praxisprojekt &#8222;NRWahl: Eine Online-Umfrage bei Jungw\u00e4hlern anl\u00e4ss\u00aclich der Kommunalwahl 2004 in NRW&#8220;<\/li>\n<\/ul>\n<h4>WiSe 2003\/2004<\/h4>\n<ul>\n<li>Hauptseminar &#8222;Wahlkampf und Wahlverhalten&#8220;<\/li>\n<\/ul>\n<h3>Otto-Friedrich-Universit\u00e4t Bamberg<\/h3>\n<h4>SoSe 2003<\/h4>\n<ul>\n<li>\u00dcbung &#8222;Einf\u00fchrung in SPSS f\u00fcr Politikwissenschaftler&#8220;<\/li>\n<li>\u00dcbung &#8222;Methoden der Politischen Soziologie&#8220;<\/li>\n<\/ul>\n<h4>WiSe 2002\/2003<\/h4>\n<ul>\n<li>\u00dcbung &#8222;Einf\u00fchrung in SPSS f\u00fcr Politikwissenschaftler&#8220;<\/li>\n<li>\u00dcbung &#8222;Methoden der Politischen Soziologie&#8220;<\/li>\n<\/ul>\n<h4>SoSe 2002<\/h4>\n<ul>\n<li>\u00dcbung &#8222;Einf\u00fchrung in SPSS f\u00fcr Politikwissenschaftler&#8220;<\/li>\n<\/ul>\n","protected":false},"excerpt":{"rendered":"<p>Freie Universit\u00e4t Berlin SoSe 2025 Vorlesung \u201ePolitisches System und politische Soziologie der Bundesrepublik Deutschland\u201c BA-Seminar \u201eBundestagswahl 2025 &#8211; Theoretische und praktische Perspektiven\u201c MA-Seminar \u201eAnalysen der Bundestagswahl 2025\u201c Kolloquium \u201ePolitische Soziologie\u201c \u00a0WiSe\u00a02024\/25 BA-Grundlagenseminar: \u201eWahlen in Zeiten des Populismus\u201d MA-Seminar: \u201eWahlen in Deutschland und den USA\u201c Kolloquium \u201ePolitische Soziologie\u201c SoSe 2024 Vorlesung \u201ePolitisches System und politische Soziologie [&hellip;]<\/p>\n","protected":false},"author":2,"featured_media":0,"parent":0,"menu_order":400,"comment_status":"open","ping_status":"open","template":"","meta":{"footnotes":""},"class_list":["post-75","page","type-page","status-publish","hentry"],"_links":{"self":[{"href":"https:\/\/www.thorstenfaas.de\/index.php?rest_route=\/wp\/v2\/pages\/75","targetHints":{"allow":["GET"]}}],"collection":[{"href":"https:\/\/www.thorstenfaas.de\/index.php?rest_route=\/wp\/v2\/pages"}],"about":[{"href":"https:\/\/www.thorstenfaas.de\/index.php?rest_route=\/wp\/v2\/types\/page"}],"author":[{"embeddable":true,"href":"https:\/\/www.thorstenfaas.de\/index.php?rest_route=\/wp\/v2\/users\/2"}],"replies":[{"embeddable":true,"href":"https:\/\/www.thorstenfaas.de\/index.php?rest_route=%2Fwp%2Fv2%2Fcomments&post=75"}],"version-history":[{"count":5,"href":"https:\/\/www.thorstenfaas.de\/index.php?rest_route=\/wp\/v2\/pages\/75\/revisions"}],"predecessor-version":[{"id":3574,"href":"https:\/\/www.thorstenfaas.de\/index.php?rest_route=\/wp\/v2\/pages\/75\/revisions\/3574"}],"wp:attachment":[{"href":"https:\/\/www.thorstenfaas.de\/index.php?rest_route=%2Fwp%2Fv2%2Fmedia&parent=75"}],"curies":[{"name":"wp","href":"https:\/\/api.w.org\/{rel}","templated":true}]}}